{"id":15183,"date":"2025-08-12T16:25:10","date_gmt":"2025-08-12T19:25:10","guid":{"rendered":"https:\/\/fullatacados.com.br\/index.php\/produto\/pneu-tras-140-70-17-maggion-sportis\/"},"modified":"2026-05-02T13:10:07","modified_gmt":"2026-05-02T16:10:07","slug":"pneu-tras-140-70-17-maggion-sportis","status":"publish","type":"product","link":"https:\/\/fullatacados.com.br\/index.php\/produto\/pneu-tras-140-70-17-maggion-sportis\/","title":{"rendered":"PNEU TRAS 140\/70-17 MAGGION SPORTIS"},"content":{"rendered":"","protected":false},"excerpt":{"rendered":"<p>Pneu traseiro 140\/70-17 Maggion Sportis \u2013 Modelo esportivo, ideal para motos de alta performance, oferece excelente ader\u00eancia e estabilidade em curvas, com desenho que garante boa drenagem de \u00e1gua e seguran\u00e7a em diferentes condi\u00e7\u00f5es de pista<\/p>\n","protected":false},"featured_media":15184,"comment_status":"open","ping_status":"closed","template":"","meta":{"_joinchat":[]},"product_brand":[232],"product_cat":[482,15],"product_tag":[],"class_list":{"0":"post-15183","1":"product","2":"type-product","3":"status-publish","4":"has-post-thumbnail","6":"product_brand-maggion","7":"product_cat-moto-pecas","8":"product_cat-sem-categoria","9":"product_shipping_class-envionormal","11":"first","12":"instock","13":"shipping-taxable","14":"purchasable","15":"product-type-simple"},"_links":{"self":[{"href":"https:\/\/fullatacados.com.br\/index.php\/wp-json\/wp\/v2\/product\/15183","targetHints":{"allow":["GET"]}}],"collection":[{"href":"https:\/\/fullatacados.com.br\/index.php\/wp-json\/wp\/v2\/product"}],"about":[{"href":"https:\/\/fullatacados.com.br\/index.php\/wp-json\/wp\/v2\/types\/product"}],"replies":[{"embeddable":true,"href":"https:\/\/fullatacados.com.br\/index.php\/wp-json\/wp\/v2\/comments?post=15183"}],"wp:featuredmedia":[{"embeddable":true,"href":"https:\/\/fullatacados.com.br\/index.php\/wp-json\/wp\/v2\/media\/15184"}],"wp:attachment":[{"href":"https:\/\/fullatacados.com.br\/index.php\/wp-json\/wp\/v2\/media?parent=15183"}],"wp:term":[{"taxonomy":"product_brand","embeddable":true,"href":"https:\/\/fullatacados.com.br\/index.php\/wp-json\/wp\/v2\/product_brand?post=15183"},{"taxonomy":"product_cat","embeddable":true,"href":"https:\/\/fullatacados.com.br\/index.php\/wp-json\/wp\/v2\/product_cat?post=15183"},{"taxonomy":"product_tag","embeddable":true,"href":"https:\/\/fullatacados.com.br\/index.php\/wp-json\/wp\/v2\/product_tag?post=15183"}],"curies":[{"name":"wp","href":"https:\/\/api.w.org\/{rel}","templated":true}]}}