{"id":15178,"date":"2025-08-12T16:25:09","date_gmt":"2025-08-12T19:25:09","guid":{"rendered":"https:\/\/fullatacados.com.br\/index.php\/produto\/pneu-tras-110-90-17-vipal-tr300-c-c\/"},"modified":"2026-01-07T14:00:08","modified_gmt":"2026-01-07T17:00:08","slug":"pneu-tras-110-90-17-vipal-tr300-c-c","status":"publish","type":"product","link":"https:\/\/fullatacados.com.br\/index.php\/produto\/pneu-tras-110-90-17-vipal-tr300-c-c\/","title":{"rendered":"PNEU TRAS 110\/90-17 VIPAL TR300 C\/C"},"content":{"rendered":"","protected":false},"excerpt":{"rendered":"<p>Pneu traseiro 110\/90-17 Vipal TR300 com c\u00e2mara \u2013 Modelo robusto para uso misto, oferece boa tra\u00e7\u00e3o em asfalto e terra, com resist\u00eancia e durabilidade para enfrentar diferentes tipos de terreno.<\/p>\n","protected":false},"featured_media":15186,"comment_status":"open","ping_status":"closed","template":"","meta":{"_joinchat":[]},"product_brand":[229],"product_cat":[482,15],"product_tag":[],"class_list":{"0":"post-15178","1":"product","2":"type-product","3":"status-publish","4":"has-post-thumbnail","6":"product_brand-vipal","7":"product_cat-moto-pecas","8":"product_cat-sem-categoria","9":"product_shipping_class-envionormal","11":"first","12":"outofstock","13":"shipping-taxable","14":"purchasable","15":"product-type-simple"},"_links":{"self":[{"href":"https:\/\/fullatacados.com.br\/index.php\/wp-json\/wp\/v2\/product\/15178","targetHints":{"allow":["GET"]}}],"collection":[{"href":"https:\/\/fullatacados.com.br\/index.php\/wp-json\/wp\/v2\/product"}],"about":[{"href":"https:\/\/fullatacados.com.br\/index.php\/wp-json\/wp\/v2\/types\/product"}],"replies":[{"embeddable":true,"href":"https:\/\/fullatacados.com.br\/index.php\/wp-json\/wp\/v2\/comments?post=15178"}],"wp:featuredmedia":[{"embeddable":true,"href":"https:\/\/fullatacados.com.br\/index.php\/wp-json\/wp\/v2\/media\/15186"}],"wp:attachment":[{"href":"https:\/\/fullatacados.com.br\/index.php\/wp-json\/wp\/v2\/media?parent=15178"}],"wp:term":[{"taxonomy":"product_brand","embeddable":true,"href":"https:\/\/fullatacados.com.br\/index.php\/wp-json\/wp\/v2\/product_brand?post=15178"},{"taxonomy":"product_cat","embeddable":true,"href":"https:\/\/fullatacados.com.br\/index.php\/wp-json\/wp\/v2\/product_cat?post=15178"},{"taxonomy":"product_tag","embeddable":true,"href":"https:\/\/fullatacados.com.br\/index.php\/wp-json\/wp\/v2\/product_tag?post=15178"}],"curies":[{"name":"wp","href":"https:\/\/api.w.org\/{rel}","templated":true}]}}