{"id":15160,"date":"2025-08-12T16:20:09","date_gmt":"2025-08-12T19:20:09","guid":{"rendered":"https:\/\/fullatacados.com.br\/index.php\/produto\/pneu-diant-120-70-19-anakee-adventu\/"},"modified":"2026-03-16T10:55:07","modified_gmt":"2026-03-16T13:55:07","slug":"pneu-diant-120-70-19-anakee-adventu","status":"publish","type":"product","link":"https:\/\/fullatacados.com.br\/index.php\/produto\/pneu-diant-120-70-19-anakee-adventu\/","title":{"rendered":"PNEU DIANT 120\/70-19 ANAKEE ADVENTU"},"content":{"rendered":"<p>O Pneu Dianteiro 120\/70-19 Anakee Adventure \u00e9 um modelo sem c\u00e2mara (tubeless) da Michelin, projetado para motos big trail e uso misto, com foco em 80% asfalto e 20% off-road leve.<br \/>\nOferece excelente ader\u00eancia em piso seco e molhado, estabilidade em altas velocidades e boa tra\u00e7\u00e3o em estradas de terra batida, sendo ideal para viagens e aventuras.<\/p>\n","protected":false},"excerpt":{"rendered":"<p>O Pneu Dianteiro 120\/70-19 Anakee Adventure \u00e9 um modelo sem c\u00e2mara (tubeless) da Michelin, projetado para motos big trail e uso misto, com foco em 80% asfalto e 20% off-road leve. Oferece excelente ader\u00eancia em piso seco e molhado, estabilidade em altas velocidades e boa tra\u00e7\u00e3o em estradas de terra batida, sendo ideal para viagens [&hellip;]<\/p>\n","protected":false},"featured_media":15211,"comment_status":"open","ping_status":"closed","template":"","meta":{"_joinchat":[]},"product_brand":[228],"product_cat":[482,15],"product_tag":[],"class_list":{"0":"post-15160","1":"product","2":"type-product","3":"status-publish","4":"has-post-thumbnail","6":"product_brand-michelin","7":"product_cat-moto-pecas","8":"product_cat-sem-categoria","9":"product_shipping_class-envionormal","11":"first","12":"instock","13":"shipping-taxable","14":"purchasable","15":"product-type-simple"},"_links":{"self":[{"href":"https:\/\/fullatacados.com.br\/index.php\/wp-json\/wp\/v2\/product\/15160","targetHints":{"allow":["GET"]}}],"collection":[{"href":"https:\/\/fullatacados.com.br\/index.php\/wp-json\/wp\/v2\/product"}],"about":[{"href":"https:\/\/fullatacados.com.br\/index.php\/wp-json\/wp\/v2\/types\/product"}],"replies":[{"embeddable":true,"href":"https:\/\/fullatacados.com.br\/index.php\/wp-json\/wp\/v2\/comments?post=15160"}],"wp:featuredmedia":[{"embeddable":true,"href":"https:\/\/fullatacados.com.br\/index.php\/wp-json\/wp\/v2\/media\/15211"}],"wp:attachment":[{"href":"https:\/\/fullatacados.com.br\/index.php\/wp-json\/wp\/v2\/media?parent=15160"}],"wp:term":[{"taxonomy":"product_brand","embeddable":true,"href":"https:\/\/fullatacados.com.br\/index.php\/wp-json\/wp\/v2\/product_brand?post=15160"},{"taxonomy":"product_cat","embeddable":true,"href":"https:\/\/fullatacados.com.br\/index.php\/wp-json\/wp\/v2\/product_cat?post=15160"},{"taxonomy":"product_tag","embeddable":true,"href":"https:\/\/fullatacados.com.br\/index.php\/wp-json\/wp\/v2\/product_tag?post=15160"}],"curies":[{"name":"wp","href":"https:\/\/api.w.org\/{rel}","templated":true}]}}