{"id":15158,"date":"2025-08-12T16:10:10","date_gmt":"2025-08-12T19:10:10","guid":{"rendered":"https:\/\/fullatacados.com.br\/index.php\/produto\/rolamento-6300-2\/"},"modified":"2026-04-23T14:10:07","modified_gmt":"2026-04-23T17:10:07","slug":"rolamento-6300-2","status":"publish","type":"product","link":"https:\/\/fullatacados.com.br\/index.php\/produto\/rolamento-6300-2\/","title":{"rendered":"ROLAMENTO 6300 IMPORTADO"},"content":{"rendered":"<p>O rolamento 6300 \u00e9 um rolamento r\u00edgido de esferas da s\u00e9rie 6300, utilizado em diversas aplica\u00e7\u00f5es automotivas, industriais e motocicl\u00edsticas.<br \/>\nPossui dimens\u00f5es padr\u00e3o: di\u00e2metro interno de 10 mm, di\u00e2metro externo de 35 mm e largura de 11 mm, oferecendo baixo atrito, alta durabilidade e suportando cargas radiais e axiais moderadas<\/p>\n","protected":false},"excerpt":{"rendered":"<p>O rolamento 6300 \u00e9 um rolamento r\u00edgido de esferas da s\u00e9rie 6300, utilizado em diversas aplica\u00e7\u00f5es automotivas, industriais e motocicl\u00edsticas. Possui dimens\u00f5es padr\u00e3o: di\u00e2metro interno de 10 mm, di\u00e2metro externo de 35 mm e largura de 11 mm, oferecendo baixo atrito, alta durabilidade e suportando cargas radiais e axiais moderadas<\/p>\n","protected":false},"featured_media":15213,"comment_status":"open","ping_status":"closed","template":"","meta":{"_joinchat":[]},"product_brand":[199],"product_cat":[482,15],"product_tag":[],"class_list":{"0":"post-15158","1":"product","2":"type-product","3":"status-publish","4":"has-post-thumbnail","6":"product_brand-importado","7":"product_cat-moto-pecas","8":"product_cat-sem-categoria","9":"product_shipping_class-envionormal","11":"first","12":"instock","13":"shipping-taxable","14":"purchasable","15":"product-type-simple"},"_links":{"self":[{"href":"https:\/\/fullatacados.com.br\/index.php\/wp-json\/wp\/v2\/product\/15158","targetHints":{"allow":["GET"]}}],"collection":[{"href":"https:\/\/fullatacados.com.br\/index.php\/wp-json\/wp\/v2\/product"}],"about":[{"href":"https:\/\/fullatacados.com.br\/index.php\/wp-json\/wp\/v2\/types\/product"}],"replies":[{"embeddable":true,"href":"https:\/\/fullatacados.com.br\/index.php\/wp-json\/wp\/v2\/comments?post=15158"}],"wp:featuredmedia":[{"embeddable":true,"href":"https:\/\/fullatacados.com.br\/index.php\/wp-json\/wp\/v2\/media\/15213"}],"wp:attachment":[{"href":"https:\/\/fullatacados.com.br\/index.php\/wp-json\/wp\/v2\/media?parent=15158"}],"wp:term":[{"taxonomy":"product_brand","embeddable":true,"href":"https:\/\/fullatacados.com.br\/index.php\/wp-json\/wp\/v2\/product_brand?post=15158"},{"taxonomy":"product_cat","embeddable":true,"href":"https:\/\/fullatacados.com.br\/index.php\/wp-json\/wp\/v2\/product_cat?post=15158"},{"taxonomy":"product_tag","embeddable":true,"href":"https:\/\/fullatacados.com.br\/index.php\/wp-json\/wp\/v2\/product_tag?post=15158"}],"curies":[{"name":"wp","href":"https:\/\/api.w.org\/{rel}","templated":true}]}}