{"id":15155,"date":"2025-08-12T16:10:09","date_gmt":"2025-08-12T19:10:09","guid":{"rendered":"https:\/\/fullatacados.com.br\/index.php\/produto\/rolamento-6302-roda-tras-importado\/"},"modified":"2026-04-30T15:25:06","modified_gmt":"2026-04-30T18:25:06","slug":"rolamento-6302-roda-tras-importado","status":"publish","type":"product","link":"https:\/\/fullatacados.com.br\/index.php\/produto\/rolamento-6302-roda-tras-importado\/","title":{"rendered":"ROLAMENTO 6302 IMPORTADO"},"content":{"rendered":"<p>O Rolamento 6302 Roda Traseira Importado \u00e9 um rolamento r\u00edgido de esferas utilizado na roda traseira de motos, garantindo rota\u00e7\u00e3o suave e est\u00e1vel.<br \/>\nPossui medidas padr\u00e3o de 15 mm (di\u00e2metro interno) x 42 mm (di\u00e2metro externo) x 13 mm (largura), suportando cargas radiais e axiais moderadas, com boa durabilidade e desempenho confi\u00e1vel.<\/p>\n","protected":false},"excerpt":{"rendered":"<p>O Rolamento 6302 Roda Traseira Importado \u00e9 um rolamento r\u00edgido de esferas utilizado na roda traseira de motos, garantindo rota\u00e7\u00e3o suave e est\u00e1vel. Possui medidas padr\u00e3o de 15 mm (di\u00e2metro interno) x 42 mm (di\u00e2metro externo) x 13 mm (largura), suportando cargas radiais e axiais moderadas, com boa durabilidade e desempenho confi\u00e1vel.<\/p>\n","protected":false},"featured_media":15217,"comment_status":"open","ping_status":"closed","template":"","meta":{"_joinchat":[]},"product_brand":[199],"product_cat":[482,15],"product_tag":[],"class_list":{"0":"post-15155","1":"product","2":"type-product","3":"status-publish","4":"has-post-thumbnail","6":"product_brand-importado","7":"product_cat-moto-pecas","8":"product_cat-sem-categoria","9":"product_shipping_class-envionormal","11":"first","12":"instock","13":"shipping-taxable","14":"purchasable","15":"product-type-simple"},"_links":{"self":[{"href":"https:\/\/fullatacados.com.br\/index.php\/wp-json\/wp\/v2\/product\/15155","targetHints":{"allow":["GET"]}}],"collection":[{"href":"https:\/\/fullatacados.com.br\/index.php\/wp-json\/wp\/v2\/product"}],"about":[{"href":"https:\/\/fullatacados.com.br\/index.php\/wp-json\/wp\/v2\/types\/product"}],"replies":[{"embeddable":true,"href":"https:\/\/fullatacados.com.br\/index.php\/wp-json\/wp\/v2\/comments?post=15155"}],"wp:featuredmedia":[{"embeddable":true,"href":"https:\/\/fullatacados.com.br\/index.php\/wp-json\/wp\/v2\/media\/15217"}],"wp:attachment":[{"href":"https:\/\/fullatacados.com.br\/index.php\/wp-json\/wp\/v2\/media?parent=15155"}],"wp:term":[{"taxonomy":"product_brand","embeddable":true,"href":"https:\/\/fullatacados.com.br\/index.php\/wp-json\/wp\/v2\/product_brand?post=15155"},{"taxonomy":"product_cat","embeddable":true,"href":"https:\/\/fullatacados.com.br\/index.php\/wp-json\/wp\/v2\/product_cat?post=15155"},{"taxonomy":"product_tag","embeddable":true,"href":"https:\/\/fullatacados.com.br\/index.php\/wp-json\/wp\/v2\/product_tag?post=15155"}],"curies":[{"name":"wp","href":"https:\/\/api.w.org\/{rel}","templated":true}]}}