{"id":15153,"date":"2025-08-12T16:10:09","date_gmt":"2025-08-12T19:10:09","guid":{"rendered":"https:\/\/fullatacados.com.br\/index.php\/produto\/rolamento-6302-nachi\/"},"modified":"2026-04-30T10:30:07","modified_gmt":"2026-04-30T13:30:07","slug":"rolamento-6302-nachi","status":"publish","type":"product","link":"https:\/\/fullatacados.com.br\/index.php\/produto\/rolamento-6302-nachi\/","title":{"rendered":"ROLAMENTO 6302"},"content":{"rendered":"<p>O Rolamento 6302 Nachi \u00e9 um rolamento r\u00edgido de esferas de alta qualidade, fabricado pela Nachi, indicado para uso em rodas, motores e outras aplica\u00e7\u00f5es automotivas e industriais.<br \/>\nPossui medidas padr\u00e3o de 15 mm (di\u00e2metro interno) x 42 mm (di\u00e2metro externo) x 13 mm (largura), oferecendo baixo atrito, alta durabilidade e capacidade de suportar cargas radiais e axiais moderadas.<\/p>\n","protected":false},"excerpt":{"rendered":"<p>O Rolamento 6302 Nachi \u00e9 um rolamento r\u00edgido de esferas de alta qualidade, fabricado pela Nachi, indicado para uso em rodas, motores e outras aplica\u00e7\u00f5es automotivas e industriais. Possui medidas padr\u00e3o de 15 mm (di\u00e2metro interno) x 42 mm (di\u00e2metro externo) x 13 mm (largura), oferecendo baixo atrito, alta durabilidade e capacidade de suportar cargas [&hellip;]<\/p>\n","protected":false},"featured_media":15219,"comment_status":"open","ping_status":"closed","template":"","meta":{"_joinchat":[]},"product_brand":[238],"product_cat":[482,15],"product_tag":[],"class_list":{"0":"post-15153","1":"product","2":"type-product","3":"status-publish","4":"has-post-thumbnail","6":"product_brand-nachi","7":"product_cat-moto-pecas","8":"product_cat-sem-categoria","9":"product_shipping_class-envionormal","11":"first","12":"instock","13":"shipping-taxable","14":"purchasable","15":"product-type-simple"},"_links":{"self":[{"href":"https:\/\/fullatacados.com.br\/index.php\/wp-json\/wp\/v2\/product\/15153","targetHints":{"allow":["GET"]}}],"collection":[{"href":"https:\/\/fullatacados.com.br\/index.php\/wp-json\/wp\/v2\/product"}],"about":[{"href":"https:\/\/fullatacados.com.br\/index.php\/wp-json\/wp\/v2\/types\/product"}],"replies":[{"embeddable":true,"href":"https:\/\/fullatacados.com.br\/index.php\/wp-json\/wp\/v2\/comments?post=15153"}],"wp:featuredmedia":[{"embeddable":true,"href":"https:\/\/fullatacados.com.br\/index.php\/wp-json\/wp\/v2\/media\/15219"}],"wp:attachment":[{"href":"https:\/\/fullatacados.com.br\/index.php\/wp-json\/wp\/v2\/media?parent=15153"}],"wp:term":[{"taxonomy":"product_brand","embeddable":true,"href":"https:\/\/fullatacados.com.br\/index.php\/wp-json\/wp\/v2\/product_brand?post=15153"},{"taxonomy":"product_cat","embeddable":true,"href":"https:\/\/fullatacados.com.br\/index.php\/wp-json\/wp\/v2\/product_cat?post=15153"},{"taxonomy":"product_tag","embeddable":true,"href":"https:\/\/fullatacados.com.br\/index.php\/wp-json\/wp\/v2\/product_tag?post=15153"}],"curies":[{"name":"wp","href":"https:\/\/api.w.org\/{rel}","templated":true}]}}