{"id":15150,"date":"2025-08-12T16:10:09","date_gmt":"2025-08-12T19:10:09","guid":{"rendered":"https:\/\/fullatacados.com.br\/index.php\/produto\/rolamento-63-28-nsl2-virab-ld-cg-ml-tur\/"},"modified":"2026-04-09T10:55:07","modified_gmt":"2026-04-09T13:55:07","slug":"rolamento-63-28-nsl2-virab-ld-cg-ml-tur","status":"publish","type":"product","link":"https:\/\/fullatacados.com.br\/index.php\/produto\/rolamento-63-28-nsl2-virab-ld-cg-ml-tur\/","title":{"rendered":"ROLAMENTO VIRAB 63\/28 NSL2 LD CG\/ML\/TUR"},"content":{"rendered":"<p>Rolamento 63\/28 NSL2 Virabrequim LD CG\/ML\/TUR: rolamento espec\u00edfico para o lado direito do virabrequim de motos Honda CG, ML e Titan Universal (TUR). Possui 28 mm (di\u00e2metro interno) x 63 mm (di\u00e2metro externo), garantindo giro suave, durabilidade e resist\u00eancia a cargas radiais e axiais em altas rota\u00e7\u00f5es.<\/p>\n","protected":false},"excerpt":{"rendered":"<p>Rolamento 63\/28 NSL2 Virabrequim LD CG\/ML\/TUR: rolamento espec\u00edfico para o lado direito do virabrequim de motos Honda CG, ML e Titan Universal (TUR). Possui 28 mm (di\u00e2metro interno) x 63 mm (di\u00e2metro externo), garantindo giro suave, durabilidade e resist\u00eancia a cargas radiais e axiais em altas rota\u00e7\u00f5es.<\/p>\n","protected":false},"featured_media":15223,"comment_status":"open","ping_status":"closed","template":"","meta":{"_joinchat":[]},"product_brand":[238],"product_cat":[482,15],"product_tag":[],"class_list":{"0":"post-15150","1":"product","2":"type-product","3":"status-publish","4":"has-post-thumbnail","6":"product_brand-nachi","7":"product_cat-moto-pecas","8":"product_cat-sem-categoria","9":"product_shipping_class-envionormal","11":"first","12":"instock","13":"shipping-taxable","14":"purchasable","15":"product-type-simple"},"_links":{"self":[{"href":"https:\/\/fullatacados.com.br\/index.php\/wp-json\/wp\/v2\/product\/15150","targetHints":{"allow":["GET"]}}],"collection":[{"href":"https:\/\/fullatacados.com.br\/index.php\/wp-json\/wp\/v2\/product"}],"about":[{"href":"https:\/\/fullatacados.com.br\/index.php\/wp-json\/wp\/v2\/types\/product"}],"replies":[{"embeddable":true,"href":"https:\/\/fullatacados.com.br\/index.php\/wp-json\/wp\/v2\/comments?post=15150"}],"wp:featuredmedia":[{"embeddable":true,"href":"https:\/\/fullatacados.com.br\/index.php\/wp-json\/wp\/v2\/media\/15223"}],"wp:attachment":[{"href":"https:\/\/fullatacados.com.br\/index.php\/wp-json\/wp\/v2\/media?parent=15150"}],"wp:term":[{"taxonomy":"product_brand","embeddable":true,"href":"https:\/\/fullatacados.com.br\/index.php\/wp-json\/wp\/v2\/product_brand?post=15150"},{"taxonomy":"product_cat","embeddable":true,"href":"https:\/\/fullatacados.com.br\/index.php\/wp-json\/wp\/v2\/product_cat?post=15150"},{"taxonomy":"product_tag","embeddable":true,"href":"https:\/\/fullatacados.com.br\/index.php\/wp-json\/wp\/v2\/product_tag?post=15150"}],"curies":[{"name":"wp","href":"https:\/\/api.w.org\/{rel}","templated":true}]}}