{"id":15149,"date":"2025-08-12T16:10:09","date_gmt":"2025-08-12T19:10:09","guid":{"rendered":"https:\/\/fullatacados.com.br\/index.php\/produto\/rolamento-63-28-hs-c3-virab-le-cg-ml-tu\/"},"modified":"2026-03-27T17:00:07","modified_gmt":"2026-03-27T20:00:07","slug":"rolamento-63-28-hs-c3-virab-le-cg-ml-tu","status":"publish","type":"product","link":"https:\/\/fullatacados.com.br\/index.php\/produto\/rolamento-63-28-hs-c3-virab-le-cg-ml-tu\/","title":{"rendered":"ROLAMENTO VIRAB 63\/28 HS C3 LE CG\/ML\/TU"},"content":{"rendered":"<div>O Rolamento 63\/28 HS C3 Virabrequim CG\/ML\/TU \u00e9 um rolamento espec\u00edfico para o virabrequim de motos Honda CG, ML e Titan Universal (TU).<\/div>\n<div>\u2022Tipo: R\u00edgido de esferas<\/div>\n<div>\u2022Dimens\u00f5es: 28 mm (di\u00e2metro interno) \u2013 63 mm (di\u00e2metro externo)<\/div>\n<div>\u2022C3: folga radial maior, permitindo melhor desempenho em altas rota\u00e7\u00f5es e temperaturas<\/div>\n<div>\u2022Aplica\u00e7\u00e3o: Cubo do virabrequim, garantindo giro suave, durabilidade e resist\u00eancia a cargas radiais e axiais.<\/div>\n","protected":false},"excerpt":{"rendered":"<p>O Rolamento 63\/28 HS C3 Virabrequim CG\/ML\/TU \u00e9 um rolamento espec\u00edfico para o virabrequim de motos Honda CG, ML e Titan Universal (TU). \u2022Tipo: R\u00edgido de esferas \u2022Dimens\u00f5es: 28 mm (di\u00e2metro interno) \u2013 63 mm (di\u00e2metro externo) \u2022C3: folga radial maior, permitindo melhor desempenho em altas rota\u00e7\u00f5es e temperaturas \u2022Aplica\u00e7\u00e3o: Cubo do virabrequim, garantindo giro [&hellip;]<\/p>\n","protected":false},"featured_media":15220,"comment_status":"open","ping_status":"closed","template":"","meta":{"_joinchat":[]},"product_brand":[238],"product_cat":[482,15],"product_tag":[],"class_list":{"0":"post-15149","1":"product","2":"type-product","3":"status-publish","4":"has-post-thumbnail","6":"product_brand-nachi","7":"product_cat-moto-pecas","8":"product_cat-sem-categoria","9":"product_shipping_class-envionormal","11":"first","12":"instock","13":"shipping-taxable","14":"purchasable","15":"product-type-simple"},"_links":{"self":[{"href":"https:\/\/fullatacados.com.br\/index.php\/wp-json\/wp\/v2\/product\/15149","targetHints":{"allow":["GET"]}}],"collection":[{"href":"https:\/\/fullatacados.com.br\/index.php\/wp-json\/wp\/v2\/product"}],"about":[{"href":"https:\/\/fullatacados.com.br\/index.php\/wp-json\/wp\/v2\/types\/product"}],"replies":[{"embeddable":true,"href":"https:\/\/fullatacados.com.br\/index.php\/wp-json\/wp\/v2\/comments?post=15149"}],"wp:featuredmedia":[{"embeddable":true,"href":"https:\/\/fullatacados.com.br\/index.php\/wp-json\/wp\/v2\/media\/15220"}],"wp:attachment":[{"href":"https:\/\/fullatacados.com.br\/index.php\/wp-json\/wp\/v2\/media?parent=15149"}],"wp:term":[{"taxonomy":"product_brand","embeddable":true,"href":"https:\/\/fullatacados.com.br\/index.php\/wp-json\/wp\/v2\/product_brand?post=15149"},{"taxonomy":"product_cat","embeddable":true,"href":"https:\/\/fullatacados.com.br\/index.php\/wp-json\/wp\/v2\/product_cat?post=15149"},{"taxonomy":"product_tag","embeddable":true,"href":"https:\/\/fullatacados.com.br\/index.php\/wp-json\/wp\/v2\/product_tag?post=15149"}],"curies":[{"name":"wp","href":"https:\/\/api.w.org\/{rel}","templated":true}]}}