{"id":15147,"date":"2025-08-12T16:10:08","date_gmt":"2025-08-12T19:10:08","guid":{"rendered":"https:\/\/fullatacados.com.br\/index.php\/produto\/rolamento-virab-tit150-agulha-dir-smart\/"},"modified":"2026-04-20T14:15:08","modified_gmt":"2026-04-20T17:15:08","slug":"rolamento-virab-tit150-agulha-dir-smart","status":"publish","type":"product","link":"https:\/\/fullatacados.com.br\/index.php\/produto\/rolamento-virab-tit150-agulha-dir-smart\/","title":{"rendered":"ROLAMENTO VIRAB TIT150 AGULHA LD IMPORTA"},"content":{"rendered":"<p>Rolamento Virabrequim Titan 150 Agulha CP007340 (Direito) Smart: rolamento de agulhas espec\u00edfico para o lado direito do virabrequim da Honda Titan 150.<br \/>\nProporciona baixo atrito, resist\u00eancia e durabilidade, garantindo giro suave e confi\u00e1vel do motor.<\/p>\n","protected":false},"excerpt":{"rendered":"<p>Rolamento Virabrequim Titan 150 Agulha CP007340 (Direito) Smart: rolamento de agulhas espec\u00edfico para o lado direito do virabrequim da Honda Titan 150. Proporciona baixo atrito, resist\u00eancia e durabilidade, garantindo giro suave e confi\u00e1vel do motor.<\/p>\n","protected":false},"featured_media":15227,"comment_status":"open","ping_status":"closed","template":"","meta":{"_joinchat":[]},"product_brand":[199],"product_cat":[482,15],"product_tag":[],"class_list":{"0":"post-15147","1":"product","2":"type-product","3":"status-publish","4":"has-post-thumbnail","6":"product_brand-importado","7":"product_cat-moto-pecas","8":"product_cat-sem-categoria","9":"product_shipping_class-envionormal","11":"first","12":"instock","13":"shipping-taxable","14":"purchasable","15":"product-type-simple"},"_links":{"self":[{"href":"https:\/\/fullatacados.com.br\/index.php\/wp-json\/wp\/v2\/product\/15147","targetHints":{"allow":["GET"]}}],"collection":[{"href":"https:\/\/fullatacados.com.br\/index.php\/wp-json\/wp\/v2\/product"}],"about":[{"href":"https:\/\/fullatacados.com.br\/index.php\/wp-json\/wp\/v2\/types\/product"}],"replies":[{"embeddable":true,"href":"https:\/\/fullatacados.com.br\/index.php\/wp-json\/wp\/v2\/comments?post=15147"}],"wp:featuredmedia":[{"embeddable":true,"href":"https:\/\/fullatacados.com.br\/index.php\/wp-json\/wp\/v2\/media\/15227"}],"wp:attachment":[{"href":"https:\/\/fullatacados.com.br\/index.php\/wp-json\/wp\/v2\/media?parent=15147"}],"wp:term":[{"taxonomy":"product_brand","embeddable":true,"href":"https:\/\/fullatacados.com.br\/index.php\/wp-json\/wp\/v2\/product_brand?post=15147"},{"taxonomy":"product_cat","embeddable":true,"href":"https:\/\/fullatacados.com.br\/index.php\/wp-json\/wp\/v2\/product_cat?post=15147"},{"taxonomy":"product_tag","embeddable":true,"href":"https:\/\/fullatacados.com.br\/index.php\/wp-json\/wp\/v2\/product_tag?post=15147"}],"curies":[{"name":"wp","href":"https:\/\/api.w.org\/{rel}","templated":true}]}}