{"id":15145,"date":"2025-08-12T16:10:08","date_gmt":"2025-08-12T19:10:08","guid":{"rendered":"https:\/\/fullatacados.com.br\/index.php\/produto\/rolamento-virab-tit150-esq-35bc07s58\/"},"modified":"2026-04-20T12:00:07","modified_gmt":"2026-04-20T15:00:07","slug":"rolamento-virab-tit150-esq-35bc07s58","status":"publish","type":"product","link":"https:\/\/fullatacados.com.br\/index.php\/produto\/rolamento-virab-tit150-esq-35bc07s58\/","title":{"rendered":"ROLAMENTO VIRAB 35BC07S58 LE TIT150"},"content":{"rendered":"<p>Rolamento Virabrequim Titan 150 Esquerdo 35BC07S58: rolamento espec\u00edfico para o lado esquerdo do virabrequim da Honda Titan 150.<br \/>\nGarante giro suave, durabilidade e resist\u00eancia a cargas radiais e axiais, assegurando o desempenho confi\u00e1vel do motor.<\/p>\n","protected":false},"excerpt":{"rendered":"<p>Rolamento Virabrequim Titan 150 Esquerdo 35BC07S58: rolamento espec\u00edfico para o lado esquerdo do virabrequim da Honda Titan 150. Garante giro suave, durabilidade e resist\u00eancia a cargas radiais e axiais, assegurando o desempenho confi\u00e1vel do motor.<\/p>\n","protected":false},"featured_media":15229,"comment_status":"open","ping_status":"closed","template":"","meta":{"_joinchat":[]},"product_brand":[238],"product_cat":[482,15],"product_tag":[],"class_list":{"0":"post-15145","1":"product","2":"type-product","3":"status-publish","4":"has-post-thumbnail","6":"product_brand-nachi","7":"product_cat-moto-pecas","8":"product_cat-sem-categoria","9":"product_shipping_class-envionormal","11":"first","12":"instock","13":"shipping-taxable","14":"purchasable","15":"product-type-simple"},"_links":{"self":[{"href":"https:\/\/fullatacados.com.br\/index.php\/wp-json\/wp\/v2\/product\/15145","targetHints":{"allow":["GET"]}}],"collection":[{"href":"https:\/\/fullatacados.com.br\/index.php\/wp-json\/wp\/v2\/product"}],"about":[{"href":"https:\/\/fullatacados.com.br\/index.php\/wp-json\/wp\/v2\/types\/product"}],"replies":[{"embeddable":true,"href":"https:\/\/fullatacados.com.br\/index.php\/wp-json\/wp\/v2\/comments?post=15145"}],"wp:featuredmedia":[{"embeddable":true,"href":"https:\/\/fullatacados.com.br\/index.php\/wp-json\/wp\/v2\/media\/15229"}],"wp:attachment":[{"href":"https:\/\/fullatacados.com.br\/index.php\/wp-json\/wp\/v2\/media?parent=15145"}],"wp:term":[{"taxonomy":"product_brand","embeddable":true,"href":"https:\/\/fullatacados.com.br\/index.php\/wp-json\/wp\/v2\/product_brand?post=15145"},{"taxonomy":"product_cat","embeddable":true,"href":"https:\/\/fullatacados.com.br\/index.php\/wp-json\/wp\/v2\/product_cat?post=15145"},{"taxonomy":"product_tag","embeddable":true,"href":"https:\/\/fullatacados.com.br\/index.php\/wp-json\/wp\/v2\/product_tag?post=15145"}],"curies":[{"name":"wp","href":"https:\/\/api.w.org\/{rel}","templated":true}]}}