{"id":15144,"date":"2025-08-12T16:05:12","date_gmt":"2025-08-12T19:05:12","guid":{"rendered":"https:\/\/fullatacados.com.br\/index.php\/produto\/rolete-contra-peso-pcx150-16-18-6pc\/"},"modified":"2026-04-16T09:00:08","modified_gmt":"2026-04-16T12:00:08","slug":"rolete-contra-peso-pcx150-16-18-6pc","status":"publish","type":"product","link":"https:\/\/fullatacados.com.br\/index.php\/produto\/rolete-contra-peso-pcx150-16-18-6pc\/","title":{"rendered":"ROLETE CONTRA PESO PCX150 16\/18 6PC"},"content":{"rendered":"<p>Rolete Contra Peso PCX 150 16\/18 6PC: conjunto de 6 roletes para o variador do Honda PCX 150 modelos 2016 a 2018.<br \/>\nRespons\u00e1vel por transmitir a for\u00e7a do motor \u00e0 transmiss\u00e3o CVT, garantindo acelera\u00e7\u00e3o suave, desempenho eficiente e maior durabilidade do sistema.<\/p>\n","protected":false},"excerpt":{"rendered":"<p>Rolete Contra Peso PCX 150 16\/18 6PC: conjunto de 6 roletes para o variador do Honda PCX 150 modelos 2016 a 2018. Respons\u00e1vel por transmitir a for\u00e7a do motor \u00e0 transmiss\u00e3o CVT, garantindo acelera\u00e7\u00e3o suave, desempenho eficiente e maior durabilidade do sistema.<\/p>\n","protected":false},"featured_media":15239,"comment_status":"open","ping_status":"closed","template":"","meta":{"_joinchat":[]},"product_brand":[236],"product_cat":[482,15],"product_tag":[],"class_list":{"0":"post-15144","1":"product","2":"type-product","3":"status-publish","4":"has-post-thumbnail","6":"product_brand-danidrea","7":"product_cat-moto-pecas","8":"product_cat-sem-categoria","9":"product_shipping_class-envionormal","11":"first","12":"instock","13":"shipping-taxable","14":"purchasable","15":"product-type-simple"},"_links":{"self":[{"href":"https:\/\/fullatacados.com.br\/index.php\/wp-json\/wp\/v2\/product\/15144","targetHints":{"allow":["GET"]}}],"collection":[{"href":"https:\/\/fullatacados.com.br\/index.php\/wp-json\/wp\/v2\/product"}],"about":[{"href":"https:\/\/fullatacados.com.br\/index.php\/wp-json\/wp\/v2\/types\/product"}],"replies":[{"embeddable":true,"href":"https:\/\/fullatacados.com.br\/index.php\/wp-json\/wp\/v2\/comments?post=15144"}],"wp:featuredmedia":[{"embeddable":true,"href":"https:\/\/fullatacados.com.br\/index.php\/wp-json\/wp\/v2\/media\/15239"}],"wp:attachment":[{"href":"https:\/\/fullatacados.com.br\/index.php\/wp-json\/wp\/v2\/media?parent=15144"}],"wp:term":[{"taxonomy":"product_brand","embeddable":true,"href":"https:\/\/fullatacados.com.br\/index.php\/wp-json\/wp\/v2\/product_brand?post=15144"},{"taxonomy":"product_cat","embeddable":true,"href":"https:\/\/fullatacados.com.br\/index.php\/wp-json\/wp\/v2\/product_cat?post=15144"},{"taxonomy":"product_tag","embeddable":true,"href":"https:\/\/fullatacados.com.br\/index.php\/wp-json\/wp\/v2\/product_tag?post=15144"}],"curies":[{"name":"wp","href":"https:\/\/api.w.org\/{rel}","templated":true}]}}