{"id":15141,"date":"2025-08-12T16:05:12","date_gmt":"2025-08-12T19:05:12","guid":{"rendered":"https:\/\/fullatacados.com.br\/index.php\/produto\/rolete-contra-peso-burgman125-kit-6pc\/"},"modified":"2026-01-19T14:30:10","modified_gmt":"2026-01-19T17:30:10","slug":"rolete-contra-peso-burgman125-kit-6pc","status":"publish","type":"product","link":"https:\/\/fullatacados.com.br\/index.php\/produto\/rolete-contra-peso-burgman125-kit-6pc\/","title":{"rendered":"ROLETE CONTRA PESO BURGMAN125 KIT 6PC"},"content":{"rendered":"<p>Rolete Contra Peso Burgman 125 Kit 6PC: conjunto com 6 roletes para o variador do Suzuki Burgman 125.<br \/>\nRespons\u00e1vel por transmitir a for\u00e7a do motor \u00e0 transmiss\u00e3o CVT, garantindo acelera\u00e7\u00e3o suave, desempenho eficiente e maior durabilidade do sistema de transmiss\u00e3o.<\/p>\n","protected":false},"excerpt":{"rendered":"<p>Rolete Contra Peso Burgman 125 Kit 6PC: conjunto com 6 roletes para o variador do Suzuki Burgman 125. Respons\u00e1vel por transmitir a for\u00e7a do motor \u00e0 transmiss\u00e3o CVT, garantindo acelera\u00e7\u00e3o suave, desempenho eficiente e maior durabilidade do sistema de transmiss\u00e3o.<\/p>\n","protected":false},"featured_media":15241,"comment_status":"open","ping_status":"closed","template":"","meta":{"_joinchat":[]},"product_brand":[182],"product_cat":[482,15],"product_tag":[],"class_list":{"0":"post-15141","1":"product","2":"type-product","3":"status-publish","4":"has-post-thumbnail","6":"product_brand-embus-ilion","7":"product_cat-moto-pecas","8":"product_cat-sem-categoria","9":"product_shipping_class-envionormal","11":"first","12":"instock","13":"shipping-taxable","14":"purchasable","15":"product-type-simple"},"_links":{"self":[{"href":"https:\/\/fullatacados.com.br\/index.php\/wp-json\/wp\/v2\/product\/15141","targetHints":{"allow":["GET"]}}],"collection":[{"href":"https:\/\/fullatacados.com.br\/index.php\/wp-json\/wp\/v2\/product"}],"about":[{"href":"https:\/\/fullatacados.com.br\/index.php\/wp-json\/wp\/v2\/types\/product"}],"replies":[{"embeddable":true,"href":"https:\/\/fullatacados.com.br\/index.php\/wp-json\/wp\/v2\/comments?post=15141"}],"wp:featuredmedia":[{"embeddable":true,"href":"https:\/\/fullatacados.com.br\/index.php\/wp-json\/wp\/v2\/media\/15241"}],"wp:attachment":[{"href":"https:\/\/fullatacados.com.br\/index.php\/wp-json\/wp\/v2\/media?parent=15141"}],"wp:term":[{"taxonomy":"product_brand","embeddable":true,"href":"https:\/\/fullatacados.com.br\/index.php\/wp-json\/wp\/v2\/product_brand?post=15141"},{"taxonomy":"product_cat","embeddable":true,"href":"https:\/\/fullatacados.com.br\/index.php\/wp-json\/wp\/v2\/product_cat?post=15141"},{"taxonomy":"product_tag","embeddable":true,"href":"https:\/\/fullatacados.com.br\/index.php\/wp-json\/wp\/v2\/product_tag?post=15141"}],"curies":[{"name":"wp","href":"https:\/\/api.w.org\/{rel}","templated":true}]}}