{"id":15136,"date":"2025-08-12T16:05:11","date_gmt":"2025-08-12T19:05:11","guid":{"rendered":"https:\/\/fullatacados.com.br\/index.php\/produto\/sanfona-bengala-21-dts-bros\/"},"modified":"2026-02-11T11:20:07","modified_gmt":"2026-02-11T14:20:07","slug":"sanfona-bengala-21-dts-bros","status":"publish","type":"product","link":"https:\/\/fullatacados.com.br\/index.php\/produto\/sanfona-bengala-21-dts-bros\/","title":{"rendered":"SANFONA BENGALA 21 DTS BROS"},"content":{"rendered":"<p>Sanfona de Bengala 21 DTS Bros: prote\u00e7\u00e3o em borracha para a bengala dianteira da Honda Bros, compat\u00edvel com garfos de 21 mm de di\u00e2metro.<br \/>\nGarante prote\u00e7\u00e3o contra poeira, sujeira e impactos, preservando a durabilidade e o bom funcionamento da suspens\u00e3o dianteira.<\/p>\n","protected":false},"excerpt":{"rendered":"<p>Sanfona de Bengala 21 DTS Bros: prote\u00e7\u00e3o em borracha para a bengala dianteira da Honda Bros, compat\u00edvel com garfos de 21 mm de di\u00e2metro. Garante prote\u00e7\u00e3o contra poeira, sujeira e impactos, preservando a durabilidade e o bom funcionamento da suspens\u00e3o dianteira.<\/p>\n","protected":false},"featured_media":15237,"comment_status":"open","ping_status":"closed","template":"","meta":{"_joinchat":[]},"product_brand":[199],"product_cat":[482,15],"product_tag":[],"class_list":{"0":"post-15136","1":"product","2":"type-product","3":"status-publish","4":"has-post-thumbnail","6":"product_brand-importado","7":"product_cat-moto-pecas","8":"product_cat-sem-categoria","9":"product_shipping_class-envionormal","11":"first","12":"instock","13":"shipping-taxable","14":"purchasable","15":"product-type-simple"},"_links":{"self":[{"href":"https:\/\/fullatacados.com.br\/index.php\/wp-json\/wp\/v2\/product\/15136","targetHints":{"allow":["GET"]}}],"collection":[{"href":"https:\/\/fullatacados.com.br\/index.php\/wp-json\/wp\/v2\/product"}],"about":[{"href":"https:\/\/fullatacados.com.br\/index.php\/wp-json\/wp\/v2\/types\/product"}],"replies":[{"embeddable":true,"href":"https:\/\/fullatacados.com.br\/index.php\/wp-json\/wp\/v2\/comments?post=15136"}],"wp:featuredmedia":[{"embeddable":true,"href":"https:\/\/fullatacados.com.br\/index.php\/wp-json\/wp\/v2\/media\/15237"}],"wp:attachment":[{"href":"https:\/\/fullatacados.com.br\/index.php\/wp-json\/wp\/v2\/media?parent=15136"}],"wp:term":[{"taxonomy":"product_brand","embeddable":true,"href":"https:\/\/fullatacados.com.br\/index.php\/wp-json\/wp\/v2\/product_brand?post=15136"},{"taxonomy":"product_cat","embeddable":true,"href":"https:\/\/fullatacados.com.br\/index.php\/wp-json\/wp\/v2\/product_cat?post=15136"},{"taxonomy":"product_tag","embeddable":true,"href":"https:\/\/fullatacados.com.br\/index.php\/wp-json\/wp\/v2\/product_tag?post=15136"}],"curies":[{"name":"wp","href":"https:\/\/api.w.org\/{rel}","templated":true}]}}