{"id":15134,"date":"2025-08-12T16:05:11","date_gmt":"2025-08-12T19:05:11","guid":{"rendered":"https:\/\/fullatacados.com.br\/index.php\/produto\/sensor-atuador-marcha-lenta-cb300\/"},"modified":"2026-04-01T16:00:08","modified_gmt":"2026-04-01T19:00:08","slug":"sensor-atuador-marcha-lenta-cb300","status":"publish","type":"product","link":"https:\/\/fullatacados.com.br\/index.php\/produto\/sensor-atuador-marcha-lenta-cb300\/","title":{"rendered":"SENSOR ATUADOR MARCHA LENTA CB300"},"content":{"rendered":"<p>Sensor Atuador de Marcha Lenta CB300: componente eletr\u00f4nico da Honda CB300 respons\u00e1vel por controlar a quantidade de ar que entra no motor em marcha lenta, garantindo funcionamento est\u00e1vel, menor consumo de combust\u00edvel e desempenho eficiente do motor.<\/p>\n","protected":false},"excerpt":{"rendered":"<p>Sensor Atuador de Marcha Lenta CB300: componente eletr\u00f4nico da Honda CB300 respons\u00e1vel por controlar a quantidade de ar que entra no motor em marcha lenta, garantindo funcionamento est\u00e1vel, menor consumo de combust\u00edvel e desempenho eficiente do motor.<\/p>\n","protected":false},"featured_media":15242,"comment_status":"open","ping_status":"closed","template":"","meta":{"_joinchat":[]},"product_brand":[181],"product_cat":[482,15],"product_tag":[],"class_list":{"0":"post-15134","1":"product","2":"type-product","3":"status-publish","4":"has-post-thumbnail","6":"product_brand-smartfox","7":"product_cat-moto-pecas","8":"product_cat-sem-categoria","9":"product_shipping_class-envionormal","11":"first","12":"instock","13":"shipping-taxable","14":"purchasable","15":"product-type-simple"},"_links":{"self":[{"href":"https:\/\/fullatacados.com.br\/index.php\/wp-json\/wp\/v2\/product\/15134","targetHints":{"allow":["GET"]}}],"collection":[{"href":"https:\/\/fullatacados.com.br\/index.php\/wp-json\/wp\/v2\/product"}],"about":[{"href":"https:\/\/fullatacados.com.br\/index.php\/wp-json\/wp\/v2\/types\/product"}],"replies":[{"embeddable":true,"href":"https:\/\/fullatacados.com.br\/index.php\/wp-json\/wp\/v2\/comments?post=15134"}],"wp:featuredmedia":[{"embeddable":true,"href":"https:\/\/fullatacados.com.br\/index.php\/wp-json\/wp\/v2\/media\/15242"}],"wp:attachment":[{"href":"https:\/\/fullatacados.com.br\/index.php\/wp-json\/wp\/v2\/media?parent=15134"}],"wp:term":[{"taxonomy":"product_brand","embeddable":true,"href":"https:\/\/fullatacados.com.br\/index.php\/wp-json\/wp\/v2\/product_brand?post=15134"},{"taxonomy":"product_cat","embeddable":true,"href":"https:\/\/fullatacados.com.br\/index.php\/wp-json\/wp\/v2\/product_cat?post=15134"},{"taxonomy":"product_tag","embeddable":true,"href":"https:\/\/fullatacados.com.br\/index.php\/wp-json\/wp\/v2\/product_tag?post=15134"}],"curies":[{"name":"wp","href":"https:\/\/api.w.org\/{rel}","templated":true}]}}