{"id":15133,"date":"2025-08-12T16:05:11","date_gmt":"2025-08-12T19:05:11","guid":{"rendered":"https:\/\/fullatacados.com.br\/index.php\/produto\/sensor-atuador-marcha-lenta-tit160\/"},"modified":"2026-03-31T15:00:08","modified_gmt":"2026-03-31T18:00:08","slug":"sensor-atuador-marcha-lenta-tit160","status":"publish","type":"product","link":"https:\/\/fullatacados.com.br\/index.php\/produto\/sensor-atuador-marcha-lenta-tit160\/","title":{"rendered":"SENSOR ATUADOR MARCHA LENTA TIT160"},"content":{"rendered":"<p>Sensor Atuador de Marcha Lenta Titan 160: componente eletr\u00f4nico da Honda Titan 160 respons\u00e1vel por controlar a quantidade de ar que entra no motor em marcha lenta, garantindo funcionamento est\u00e1vel, economia de combust\u00edvel e desempenho eficiente do motor.<\/p>\n","protected":false},"excerpt":{"rendered":"<p>Sensor Atuador de Marcha Lenta Titan 160: componente eletr\u00f4nico da Honda Titan 160 respons\u00e1vel por controlar a quantidade de ar que entra no motor em marcha lenta, garantindo funcionamento est\u00e1vel, economia de combust\u00edvel e desempenho eficiente do motor.<\/p>\n","protected":false},"featured_media":15250,"comment_status":"open","ping_status":"closed","template":"","meta":{"_joinchat":[]},"product_brand":[181],"product_cat":[482,15],"product_tag":[],"class_list":{"0":"post-15133","1":"product","2":"type-product","3":"status-publish","4":"has-post-thumbnail","6":"product_brand-smartfox","7":"product_cat-moto-pecas","8":"product_cat-sem-categoria","9":"product_shipping_class-envionormal","11":"first","12":"instock","13":"shipping-taxable","14":"purchasable","15":"product-type-simple"},"_links":{"self":[{"href":"https:\/\/fullatacados.com.br\/index.php\/wp-json\/wp\/v2\/product\/15133","targetHints":{"allow":["GET"]}}],"collection":[{"href":"https:\/\/fullatacados.com.br\/index.php\/wp-json\/wp\/v2\/product"}],"about":[{"href":"https:\/\/fullatacados.com.br\/index.php\/wp-json\/wp\/v2\/types\/product"}],"replies":[{"embeddable":true,"href":"https:\/\/fullatacados.com.br\/index.php\/wp-json\/wp\/v2\/comments?post=15133"}],"wp:featuredmedia":[{"embeddable":true,"href":"https:\/\/fullatacados.com.br\/index.php\/wp-json\/wp\/v2\/media\/15250"}],"wp:attachment":[{"href":"https:\/\/fullatacados.com.br\/index.php\/wp-json\/wp\/v2\/media?parent=15133"}],"wp:term":[{"taxonomy":"product_brand","embeddable":true,"href":"https:\/\/fullatacados.com.br\/index.php\/wp-json\/wp\/v2\/product_brand?post=15133"},{"taxonomy":"product_cat","embeddable":true,"href":"https:\/\/fullatacados.com.br\/index.php\/wp-json\/wp\/v2\/product_cat?post=15133"},{"taxonomy":"product_tag","embeddable":true,"href":"https:\/\/fullatacados.com.br\/index.php\/wp-json\/wp\/v2\/product_tag?post=15133"}],"curies":[{"name":"wp","href":"https:\/\/api.w.org\/{rel}","templated":true}]}}