{"id":15128,"date":"2025-08-12T16:05:10","date_gmt":"2025-08-12T19:05:10","guid":{"rendered":"https:\/\/fullatacados.com.br\/index.php\/produto\/sensor-map-hibri-tps-faz250-06-14\/"},"modified":"2026-04-29T11:05:07","modified_gmt":"2026-04-29T14:05:07","slug":"sensor-map-hibri-tps-faz250-06-14","status":"publish","type":"product","link":"https:\/\/fullatacados.com.br\/index.php\/produto\/sensor-map-hibri-tps-faz250-06-14\/","title":{"rendered":"SENSOR MAP HIBRI TPS FAZ250 06\/14"},"content":{"rendered":"<p>Sensor MAP H\u00edbrido TPS FAZ 250 06\/14: sensor eletr\u00f4nico para Honda FAZ 250 (2006 a 2014) que combina fun\u00e7\u00f5es de MAP (sensor de press\u00e3o absoluta do coletor) e TPS (sensor de posi\u00e7\u00e3o do acelerador).<br \/>\nRespons\u00e1vel por monitorar a press\u00e3o do ar e a posi\u00e7\u00e3o do acelerador, garantindo ajuste preciso da mistura ar-combust\u00edvel, melhor desempenho do motor e efici\u00eancia no consumo de combust\u00edvel.<\/p>\n","protected":false},"excerpt":{"rendered":"<p>Sensor MAP H\u00edbrido TPS FAZ 250 06\/14: sensor eletr\u00f4nico para Honda FAZ 250 (2006 a 2014) que combina fun\u00e7\u00f5es de MAP (sensor de press\u00e3o absoluta do coletor) e TPS (sensor de posi\u00e7\u00e3o do acelerador). Respons\u00e1vel por monitorar a press\u00e3o do ar e a posi\u00e7\u00e3o do acelerador, garantindo ajuste preciso da mistura ar-combust\u00edvel, melhor desempenho do [&hellip;]<\/p>\n","protected":false},"featured_media":15260,"comment_status":"open","ping_status":"closed","template":"","meta":{"_joinchat":[]},"product_brand":[199],"product_cat":[482,15],"product_tag":[],"class_list":{"0":"post-15128","1":"product","2":"type-product","3":"status-publish","4":"has-post-thumbnail","6":"product_brand-importado","7":"product_cat-moto-pecas","8":"product_cat-sem-categoria","9":"product_shipping_class-envionormal","11":"first","12":"instock","13":"shipping-taxable","14":"purchasable","15":"product-type-simple"},"_links":{"self":[{"href":"https:\/\/fullatacados.com.br\/index.php\/wp-json\/wp\/v2\/product\/15128","targetHints":{"allow":["GET"]}}],"collection":[{"href":"https:\/\/fullatacados.com.br\/index.php\/wp-json\/wp\/v2\/product"}],"about":[{"href":"https:\/\/fullatacados.com.br\/index.php\/wp-json\/wp\/v2\/types\/product"}],"replies":[{"embeddable":true,"href":"https:\/\/fullatacados.com.br\/index.php\/wp-json\/wp\/v2\/comments?post=15128"}],"wp:featuredmedia":[{"embeddable":true,"href":"https:\/\/fullatacados.com.br\/index.php\/wp-json\/wp\/v2\/media\/15260"}],"wp:attachment":[{"href":"https:\/\/fullatacados.com.br\/index.php\/wp-json\/wp\/v2\/media?parent=15128"}],"wp:term":[{"taxonomy":"product_brand","embeddable":true,"href":"https:\/\/fullatacados.com.br\/index.php\/wp-json\/wp\/v2\/product_brand?post=15128"},{"taxonomy":"product_cat","embeddable":true,"href":"https:\/\/fullatacados.com.br\/index.php\/wp-json\/wp\/v2\/product_cat?post=15128"},{"taxonomy":"product_tag","embeddable":true,"href":"https:\/\/fullatacados.com.br\/index.php\/wp-json\/wp\/v2\/product_tag?post=15128"}],"curies":[{"name":"wp","href":"https:\/\/api.w.org\/{rel}","templated":true}]}}