{"id":15122,"date":"2025-08-12T16:05:09","date_gmt":"2025-08-12T19:05:09","guid":{"rendered":"https:\/\/fullatacados.com.br\/index.php\/produto\/sensor-oxigenio-tit-bro160-18-23\/"},"modified":"2026-04-09T14:55:06","modified_gmt":"2026-04-09T17:55:06","slug":"sensor-oxigenio-tit-bro160-18-23","status":"publish","type":"product","link":"https:\/\/fullatacados.com.br\/index.php\/produto\/sensor-oxigenio-tit-bro160-18-23\/","title":{"rendered":"SENSOR OXIGENIO TIT\/BRO160 18\/23"},"content":{"rendered":"<p>Sensor de Oxig\u00eanio Titan\/Bros 160 18\/23: componente eletr\u00f4nico para Honda Titan 160 e Bros 160 (2018 a 2023), respons\u00e1vel por monitorar a quantidade de oxig\u00eanio nos gases de escapamento.<br \/>\nGarante ajuste correto da mistura ar-combust\u00edvel, melhor desempenho do motor, redu\u00e7\u00e3o de emiss\u00f5es poluentes e efici\u00eancia no consumo de combust\u00edvel.<\/p>\n","protected":false},"excerpt":{"rendered":"<p>Sensor de Oxig\u00eanio Titan\/Bros 160 18\/23: componente eletr\u00f4nico para Honda Titan 160 e Bros 160 (2018 a 2023), respons\u00e1vel por monitorar a quantidade de oxig\u00eanio nos gases de escapamento. Garante ajuste correto da mistura ar-combust\u00edvel, melhor desempenho do motor, redu\u00e7\u00e3o de emiss\u00f5es poluentes e efici\u00eancia no consumo de combust\u00edvel.<\/p>\n","protected":false},"featured_media":15253,"comment_status":"open","ping_status":"closed","template":"","meta":{"_joinchat":[]},"product_brand":[181],"product_cat":[482,15],"product_tag":[],"class_list":{"0":"post-15122","1":"product","2":"type-product","3":"status-publish","4":"has-post-thumbnail","6":"product_brand-smartfox","7":"product_cat-moto-pecas","8":"product_cat-sem-categoria","9":"product_shipping_class-envionormal","11":"first","12":"instock","13":"shipping-taxable","14":"purchasable","15":"product-type-simple"},"_links":{"self":[{"href":"https:\/\/fullatacados.com.br\/index.php\/wp-json\/wp\/v2\/product\/15122","targetHints":{"allow":["GET"]}}],"collection":[{"href":"https:\/\/fullatacados.com.br\/index.php\/wp-json\/wp\/v2\/product"}],"about":[{"href":"https:\/\/fullatacados.com.br\/index.php\/wp-json\/wp\/v2\/types\/product"}],"replies":[{"embeddable":true,"href":"https:\/\/fullatacados.com.br\/index.php\/wp-json\/wp\/v2\/comments?post=15122"}],"wp:featuredmedia":[{"embeddable":true,"href":"https:\/\/fullatacados.com.br\/index.php\/wp-json\/wp\/v2\/media\/15253"}],"wp:attachment":[{"href":"https:\/\/fullatacados.com.br\/index.php\/wp-json\/wp\/v2\/media?parent=15122"}],"wp:term":[{"taxonomy":"product_brand","embeddable":true,"href":"https:\/\/fullatacados.com.br\/index.php\/wp-json\/wp\/v2\/product_brand?post=15122"},{"taxonomy":"product_cat","embeddable":true,"href":"https:\/\/fullatacados.com.br\/index.php\/wp-json\/wp\/v2\/product_cat?post=15122"},{"taxonomy":"product_tag","embeddable":true,"href":"https:\/\/fullatacados.com.br\/index.php\/wp-json\/wp\/v2\/product_tag?post=15122"}],"curies":[{"name":"wp","href":"https:\/\/api.w.org\/{rel}","templated":true}]}}