{"id":15119,"date":"2025-08-12T16:05:09","date_gmt":"2025-08-12T19:05:09","guid":{"rendered":"https:\/\/fullatacados.com.br\/index.php\/produto\/sensor-map-tbi-tit-bros-fan160-15-22\/"},"modified":"2026-04-17T08:10:08","modified_gmt":"2026-04-17T11:10:08","slug":"sensor-map-tbi-tit-bros-fan160-15-22","status":"publish","type":"product","link":"https:\/\/fullatacados.com.br\/index.php\/produto\/sensor-map-tbi-tit-bros-fan160-15-22\/","title":{"rendered":"SENSOR MAP TBI TIT\/BROS\/FAN160 15\/22"},"content":{"rendered":"<p>Sensor MAP TBI Titan\/Bros\/Fan 160 15\/22: sensor eletr\u00f4nico para Honda Titan, Bros e Fan 160 (2015 a 2022), compat\u00edvel com sistemas TBI (Throttle Body Injection).<br \/>\nRespons\u00e1vel por monitorar a press\u00e3o do coletor de admiss\u00e3o, garantindo ajuste preciso da mistura ar-combust\u00edvel, melhor desempenho do motor e efici\u00eancia no consumo de combust\u00edvel.<\/p>\n","protected":false},"excerpt":{"rendered":"<p>Sensor MAP TBI Titan\/Bros\/Fan 160 15\/22: sensor eletr\u00f4nico para Honda Titan, Bros e Fan 160 (2015 a 2022), compat\u00edvel com sistemas TBI (Throttle Body Injection). Respons\u00e1vel por monitorar a press\u00e3o do coletor de admiss\u00e3o, garantindo ajuste preciso da mistura ar-combust\u00edvel, melhor desempenho do motor e efici\u00eancia no consumo de combust\u00edvel.<\/p>\n","protected":false},"featured_media":15264,"comment_status":"open","ping_status":"closed","template":"","meta":{"_joinchat":[]},"product_brand":[199],"product_cat":[482,15],"product_tag":[],"class_list":{"0":"post-15119","1":"product","2":"type-product","3":"status-publish","4":"has-post-thumbnail","6":"product_brand-importado","7":"product_cat-moto-pecas","8":"product_cat-sem-categoria","9":"product_shipping_class-envionormal","11":"first","12":"instock","13":"shipping-taxable","14":"purchasable","15":"product-type-simple"},"_links":{"self":[{"href":"https:\/\/fullatacados.com.br\/index.php\/wp-json\/wp\/v2\/product\/15119","targetHints":{"allow":["GET"]}}],"collection":[{"href":"https:\/\/fullatacados.com.br\/index.php\/wp-json\/wp\/v2\/product"}],"about":[{"href":"https:\/\/fullatacados.com.br\/index.php\/wp-json\/wp\/v2\/types\/product"}],"replies":[{"embeddable":true,"href":"https:\/\/fullatacados.com.br\/index.php\/wp-json\/wp\/v2\/comments?post=15119"}],"wp:featuredmedia":[{"embeddable":true,"href":"https:\/\/fullatacados.com.br\/index.php\/wp-json\/wp\/v2\/media\/15264"}],"wp:attachment":[{"href":"https:\/\/fullatacados.com.br\/index.php\/wp-json\/wp\/v2\/media?parent=15119"}],"wp:term":[{"taxonomy":"product_brand","embeddable":true,"href":"https:\/\/fullatacados.com.br\/index.php\/wp-json\/wp\/v2\/product_brand?post=15119"},{"taxonomy":"product_cat","embeddable":true,"href":"https:\/\/fullatacados.com.br\/index.php\/wp-json\/wp\/v2\/product_cat?post=15119"},{"taxonomy":"product_tag","embeddable":true,"href":"https:\/\/fullatacados.com.br\/index.php\/wp-json\/wp\/v2\/product_tag?post=15119"}],"curies":[{"name":"wp","href":"https:\/\/api.w.org\/{rel}","templated":true}]}}