{"id":15118,"date":"2025-08-12T16:05:09","date_gmt":"2025-08-12T19:05:09","guid":{"rendered":"https:\/\/fullatacados.com.br\/index.php\/produto\/sensor-map-tbi-pcx150-13-15\/"},"modified":"2026-04-29T18:25:10","modified_gmt":"2026-04-29T21:25:10","slug":"sensor-map-tbi-pcx150-13-15","status":"publish","type":"product","link":"https:\/\/fullatacados.com.br\/index.php\/produto\/sensor-map-tbi-pcx150-13-15\/","title":{"rendered":"SENSOR MAP TBI PCX150 13\/15"},"content":{"rendered":"<p>Sensor MAP TBI PCX 150 13\/15: sensor eletr\u00f4nico para Honda PCX 150 (2013 a 2015), compat\u00edvel com sistemas TBI (Throttle Body Injection).<br \/>\nRespons\u00e1vel por monitorar a press\u00e3o do coletor de admiss\u00e3o, garantindo ajuste preciso da mistura ar-combust\u00edvel, melhor desempenho do motor e efici\u00eancia no consumo de combust\u00edvel.<\/p>\n","protected":false},"excerpt":{"rendered":"<p>Sensor MAP TBI PCX 150 13\/15: sensor eletr\u00f4nico para Honda PCX 150 (2013 a 2015), compat\u00edvel com sistemas TBI (Throttle Body Injection). Respons\u00e1vel por monitorar a press\u00e3o do coletor de admiss\u00e3o, garantindo ajuste preciso da mistura ar-combust\u00edvel, melhor desempenho do motor e efici\u00eancia no consumo de combust\u00edvel.<\/p>\n","protected":false},"featured_media":15269,"comment_status":"open","ping_status":"closed","template":"","meta":{"_joinchat":[]},"product_brand":[181],"product_cat":[482,15],"product_tag":[],"class_list":{"0":"post-15118","1":"product","2":"type-product","3":"status-publish","4":"has-post-thumbnail","6":"product_brand-smartfox","7":"product_cat-moto-pecas","8":"product_cat-sem-categoria","9":"product_shipping_class-envionormal","11":"first","12":"instock","13":"shipping-taxable","14":"purchasable","15":"product-type-simple"},"_links":{"self":[{"href":"https:\/\/fullatacados.com.br\/index.php\/wp-json\/wp\/v2\/product\/15118","targetHints":{"allow":["GET"]}}],"collection":[{"href":"https:\/\/fullatacados.com.br\/index.php\/wp-json\/wp\/v2\/product"}],"about":[{"href":"https:\/\/fullatacados.com.br\/index.php\/wp-json\/wp\/v2\/types\/product"}],"replies":[{"embeddable":true,"href":"https:\/\/fullatacados.com.br\/index.php\/wp-json\/wp\/v2\/comments?post=15118"}],"wp:featuredmedia":[{"embeddable":true,"href":"https:\/\/fullatacados.com.br\/index.php\/wp-json\/wp\/v2\/media\/15269"}],"wp:attachment":[{"href":"https:\/\/fullatacados.com.br\/index.php\/wp-json\/wp\/v2\/media?parent=15118"}],"wp:term":[{"taxonomy":"product_brand","embeddable":true,"href":"https:\/\/fullatacados.com.br\/index.php\/wp-json\/wp\/v2\/product_brand?post=15118"},{"taxonomy":"product_cat","embeddable":true,"href":"https:\/\/fullatacados.com.br\/index.php\/wp-json\/wp\/v2\/product_cat?post=15118"},{"taxonomy":"product_tag","embeddable":true,"href":"https:\/\/fullatacados.com.br\/index.php\/wp-json\/wp\/v2\/product_tag?post=15118"}],"curies":[{"name":"wp","href":"https:\/\/api.w.org\/{rel}","templated":true}]}}