{"id":15116,"date":"2025-08-12T16:05:09","date_gmt":"2025-08-12T19:05:09","guid":{"rendered":"https:\/\/fullatacados.com.br\/index.php\/produto\/sensor-oxigenio-tit-bros150-biz125\/"},"modified":"2025-12-20T11:55:08","modified_gmt":"2025-12-20T14:55:08","slug":"sensor-oxigenio-tit-bros150-biz125","status":"publish","type":"product","link":"https:\/\/fullatacados.com.br\/index.php\/produto\/sensor-oxigenio-tit-bros150-biz125\/","title":{"rendered":"SENSOR OXIGENIO TIT\/BROS150\/BIZ125"},"content":{"rendered":"<p>Sensor de Oxig\u00eanio Titan\/Bros 150 \/ Biz 125: componente eletr\u00f4nico para Honda Titan 150, Bros 150 e Biz 125, respons\u00e1vel por monitorar a quantidade de oxig\u00eanio nos gases de escapamento.<br \/>\nGarante ajuste correto da mistura ar-combust\u00edvel, melhor desempenho do motor, redu\u00e7\u00e3o de emiss\u00f5es poluentes e efici\u00eancia no consumo de combust\u00edvel.<\/p>\n","protected":false},"excerpt":{"rendered":"<p>Sensor de Oxig\u00eanio Titan\/Bros 150 \/ Biz 125: componente eletr\u00f4nico para Honda Titan 150, Bros 150 e Biz 125, respons\u00e1vel por monitorar a quantidade de oxig\u00eanio nos gases de escapamento. Garante ajuste correto da mistura ar-combust\u00edvel, melhor desempenho do motor, redu\u00e7\u00e3o de emiss\u00f5es poluentes e efici\u00eancia no consumo de combust\u00edvel.<\/p>\n","protected":false},"featured_media":15265,"comment_status":"open","ping_status":"closed","template":"","meta":{"_joinchat":[]},"product_brand":[201],"product_cat":[482,15],"product_tag":[],"class_list":{"0":"post-15116","1":"product","2":"type-product","3":"status-publish","4":"has-post-thumbnail","6":"product_brand-orig-honda","7":"product_cat-moto-pecas","8":"product_cat-sem-categoria","9":"product_shipping_class-envionormal","11":"first","12":"instock","13":"shipping-taxable","14":"purchasable","15":"product-type-simple"},"_links":{"self":[{"href":"https:\/\/fullatacados.com.br\/index.php\/wp-json\/wp\/v2\/product\/15116","targetHints":{"allow":["GET"]}}],"collection":[{"href":"https:\/\/fullatacados.com.br\/index.php\/wp-json\/wp\/v2\/product"}],"about":[{"href":"https:\/\/fullatacados.com.br\/index.php\/wp-json\/wp\/v2\/types\/product"}],"replies":[{"embeddable":true,"href":"https:\/\/fullatacados.com.br\/index.php\/wp-json\/wp\/v2\/comments?post=15116"}],"wp:featuredmedia":[{"embeddable":true,"href":"https:\/\/fullatacados.com.br\/index.php\/wp-json\/wp\/v2\/media\/15265"}],"wp:attachment":[{"href":"https:\/\/fullatacados.com.br\/index.php\/wp-json\/wp\/v2\/media?parent=15116"}],"wp:term":[{"taxonomy":"product_brand","embeddable":true,"href":"https:\/\/fullatacados.com.br\/index.php\/wp-json\/wp\/v2\/product_brand?post=15116"},{"taxonomy":"product_cat","embeddable":true,"href":"https:\/\/fullatacados.com.br\/index.php\/wp-json\/wp\/v2\/product_cat?post=15116"},{"taxonomy":"product_tag","embeddable":true,"href":"https:\/\/fullatacados.com.br\/index.php\/wp-json\/wp\/v2\/product_tag?post=15116"}],"curies":[{"name":"wp","href":"https:\/\/api.w.org\/{rel}","templated":true}]}}