{"id":15113,"date":"2025-08-12T16:00:09","date_gmt":"2025-08-12T19:00:09","guid":{"rendered":"https:\/\/fullatacados.com.br\/index.php\/produto\/sensor-temperatura-faz-land250-05-17\/"},"modified":"2026-04-29T18:25:10","modified_gmt":"2026-04-29T21:25:10","slug":"sensor-temperatura-faz-land250-05-17","status":"publish","type":"product","link":"https:\/\/fullatacados.com.br\/index.php\/produto\/sensor-temperatura-faz-land250-05-17\/","title":{"rendered":"SENSOR TEMPERATURA FAZ\/LAND250 05\/17"},"content":{"rendered":"<p>Sensor de Temperatura FAZ\/Land 250 05\/17: componente eletr\u00f4nico para Honda FAZ 250 e Land 250 (2005 a 2017), respons\u00e1vel por monitorar a temperatura do motor.<br \/>\nGarante controle eficiente do funcionamento do motor, acionamento correto do ventilador e prote\u00e7\u00e3o contra superaquecimento, mantendo desempenho confi\u00e1vel e seguran\u00e7a.<\/p>\n","protected":false},"excerpt":{"rendered":"<p>Sensor de Temperatura FAZ\/Land 250 05\/17: componente eletr\u00f4nico para Honda FAZ 250 e Land 250 (2005 a 2017), respons\u00e1vel por monitorar a temperatura do motor. Garante controle eficiente do funcionamento do motor, acionamento correto do ventilador e prote\u00e7\u00e3o contra superaquecimento, mantendo desempenho confi\u00e1vel e seguran\u00e7a.<\/p>\n","protected":false},"featured_media":15272,"comment_status":"open","ping_status":"closed","template":"","meta":{"_joinchat":[]},"product_brand":[181],"product_cat":[482,15],"product_tag":[],"class_list":{"0":"post-15113","1":"product","2":"type-product","3":"status-publish","4":"has-post-thumbnail","6":"product_brand-smartfox","7":"product_cat-moto-pecas","8":"product_cat-sem-categoria","9":"product_shipping_class-envionormal","11":"first","12":"instock","13":"shipping-taxable","14":"purchasable","15":"product-type-simple"},"_links":{"self":[{"href":"https:\/\/fullatacados.com.br\/index.php\/wp-json\/wp\/v2\/product\/15113","targetHints":{"allow":["GET"]}}],"collection":[{"href":"https:\/\/fullatacados.com.br\/index.php\/wp-json\/wp\/v2\/product"}],"about":[{"href":"https:\/\/fullatacados.com.br\/index.php\/wp-json\/wp\/v2\/types\/product"}],"replies":[{"embeddable":true,"href":"https:\/\/fullatacados.com.br\/index.php\/wp-json\/wp\/v2\/comments?post=15113"}],"wp:featuredmedia":[{"embeddable":true,"href":"https:\/\/fullatacados.com.br\/index.php\/wp-json\/wp\/v2\/media\/15272"}],"wp:attachment":[{"href":"https:\/\/fullatacados.com.br\/index.php\/wp-json\/wp\/v2\/media?parent=15113"}],"wp:term":[{"taxonomy":"product_brand","embeddable":true,"href":"https:\/\/fullatacados.com.br\/index.php\/wp-json\/wp\/v2\/product_brand?post=15113"},{"taxonomy":"product_cat","embeddable":true,"href":"https:\/\/fullatacados.com.br\/index.php\/wp-json\/wp\/v2\/product_cat?post=15113"},{"taxonomy":"product_tag","embeddable":true,"href":"https:\/\/fullatacados.com.br\/index.php\/wp-json\/wp\/v2\/product_tag?post=15113"}],"curies":[{"name":"wp","href":"https:\/\/api.w.org\/{rel}","templated":true}]}}