{"id":15109,"date":"2025-08-12T16:00:09","date_gmt":"2025-08-12T19:00:09","guid":{"rendered":"https:\/\/fullatacados.com.br\/index.php\/produto\/sensor-velocimetro-pcx150-12-15-cb500\/"},"modified":"2026-04-20T14:40:08","modified_gmt":"2026-04-20T17:40:08","slug":"sensor-velocimetro-pcx150-12-15-cb500","status":"publish","type":"product","link":"https:\/\/fullatacados.com.br\/index.php\/produto\/sensor-velocimetro-pcx150-12-15-cb500\/","title":{"rendered":"SENSOR VELOCIMETRO PCX150 12\/15 CB500"},"content":{"rendered":"<p>Sensor de Veloc\u00edmetro PCX 150 12\/15 \/ CB500: componente eletr\u00f4nico para Honda PCX 150 (2012 a 2015) e CB500, respons\u00e1vel por registrar a velocidade da motocicleta.<br \/>\nGarante informa\u00e7\u00e3o precisa para o painel, contribuindo para seguran\u00e7a, controle da velocidade e funcionamento correto de sistemas dependentes da velocidade, como o ABS.<\/p>\n","protected":false},"excerpt":{"rendered":"<p>Sensor de Veloc\u00edmetro PCX 150 12\/15 \/ CB500: componente eletr\u00f4nico para Honda PCX 150 (2012 a 2015) e CB500, respons\u00e1vel por registrar a velocidade da motocicleta. Garante informa\u00e7\u00e3o precisa para o painel, contribuindo para seguran\u00e7a, controle da velocidade e funcionamento correto de sistemas dependentes da velocidade, como o ABS.<\/p>\n","protected":false},"featured_media":15271,"comment_status":"open","ping_status":"closed","template":"","meta":{"_joinchat":[]},"product_brand":[182],"product_cat":[482,15],"product_tag":[],"class_list":{"0":"post-15109","1":"product","2":"type-product","3":"status-publish","4":"has-post-thumbnail","6":"product_brand-embus-ilion","7":"product_cat-moto-pecas","8":"product_cat-sem-categoria","9":"product_shipping_class-envionormal","11":"first","12":"instock","13":"shipping-taxable","14":"purchasable","15":"product-type-simple"},"_links":{"self":[{"href":"https:\/\/fullatacados.com.br\/index.php\/wp-json\/wp\/v2\/product\/15109","targetHints":{"allow":["GET"]}}],"collection":[{"href":"https:\/\/fullatacados.com.br\/index.php\/wp-json\/wp\/v2\/product"}],"about":[{"href":"https:\/\/fullatacados.com.br\/index.php\/wp-json\/wp\/v2\/types\/product"}],"replies":[{"embeddable":true,"href":"https:\/\/fullatacados.com.br\/index.php\/wp-json\/wp\/v2\/comments?post=15109"}],"wp:featuredmedia":[{"embeddable":true,"href":"https:\/\/fullatacados.com.br\/index.php\/wp-json\/wp\/v2\/media\/15271"}],"wp:attachment":[{"href":"https:\/\/fullatacados.com.br\/index.php\/wp-json\/wp\/v2\/media?parent=15109"}],"wp:term":[{"taxonomy":"product_brand","embeddable":true,"href":"https:\/\/fullatacados.com.br\/index.php\/wp-json\/wp\/v2\/product_brand?post=15109"},{"taxonomy":"product_cat","embeddable":true,"href":"https:\/\/fullatacados.com.br\/index.php\/wp-json\/wp\/v2\/product_cat?post=15109"},{"taxonomy":"product_tag","embeddable":true,"href":"https:\/\/fullatacados.com.br\/index.php\/wp-json\/wp\/v2\/product_tag?post=15109"}],"curies":[{"name":"wp","href":"https:\/\/api.w.org\/{rel}","templated":true}]}}