{"id":15107,"date":"2025-08-12T16:00:08","date_gmt":"2025-08-12T19:00:08","guid":{"rendered":"https:\/\/fullatacados.com.br\/index.php\/produto\/suporte-bau-cbx250-01-08\/"},"modified":"2025-12-01T13:14:27","modified_gmt":"2025-12-01T16:14:27","slug":"suporte-bau-cbx250-01-08","status":"publish","type":"product","link":"https:\/\/fullatacados.com.br\/index.php\/produto\/suporte-bau-cbx250-01-08\/","title":{"rendered":"SUPORTE BAU CBX250 01\/08"},"content":{"rendered":"<p>Suporte de Bau CBX 250 01\/08: acess\u00f3rio para a Honda CBX 250 (2001 a 2008), utilizado para fixa\u00e7\u00e3o de ba\u00fas e malas traseiras.<br \/>\nProporciona seguran\u00e7a e estabilidade na instala\u00e7\u00e3o do ba\u00fa, garantindo transporte seguro de objetos e maior praticidade para o motociclista.<\/p>\n","protected":false},"excerpt":{"rendered":"<p>Suporte de Bau CBX 250 01\/08: acess\u00f3rio para a Honda CBX 250 (2001 a 2008), utilizado para fixa\u00e7\u00e3o de ba\u00fas e malas traseiras. Proporciona seguran\u00e7a e estabilidade na instala\u00e7\u00e3o do ba\u00fa, garantindo transporte seguro de objetos e maior praticidade para o motociclista.<\/p>\n","protected":false},"featured_media":15286,"comment_status":"open","ping_status":"closed","template":"","meta":{"_joinchat":[]},"product_brand":[],"product_cat":[482,15],"product_tag":[],"class_list":{"0":"post-15107","1":"product","2":"type-product","3":"status-publish","4":"has-post-thumbnail","6":"product_cat-moto-pecas","7":"product_cat-sem-categoria","8":"product_shipping_class-envionormal","10":"first","11":"instock","12":"shipping-taxable","13":"purchasable","14":"product-type-simple"},"_links":{"self":[{"href":"https:\/\/fullatacados.com.br\/index.php\/wp-json\/wp\/v2\/product\/15107","targetHints":{"allow":["GET"]}}],"collection":[{"href":"https:\/\/fullatacados.com.br\/index.php\/wp-json\/wp\/v2\/product"}],"about":[{"href":"https:\/\/fullatacados.com.br\/index.php\/wp-json\/wp\/v2\/types\/product"}],"replies":[{"embeddable":true,"href":"https:\/\/fullatacados.com.br\/index.php\/wp-json\/wp\/v2\/comments?post=15107"}],"wp:featuredmedia":[{"embeddable":true,"href":"https:\/\/fullatacados.com.br\/index.php\/wp-json\/wp\/v2\/media\/15286"}],"wp:attachment":[{"href":"https:\/\/fullatacados.com.br\/index.php\/wp-json\/wp\/v2\/media?parent=15107"}],"wp:term":[{"taxonomy":"product_brand","embeddable":true,"href":"https:\/\/fullatacados.com.br\/index.php\/wp-json\/wp\/v2\/product_brand?post=15107"},{"taxonomy":"product_cat","embeddable":true,"href":"https:\/\/fullatacados.com.br\/index.php\/wp-json\/wp\/v2\/product_cat?post=15107"},{"taxonomy":"product_tag","embeddable":true,"href":"https:\/\/fullatacados.com.br\/index.php\/wp-json\/wp\/v2\/product_tag?post=15107"}],"curies":[{"name":"wp","href":"https:\/\/api.w.org\/{rel}","templated":true}]}}