{"id":15102,"date":"2025-08-12T15:55:10","date_gmt":"2025-08-12T18:55:10","guid":{"rendered":"https:\/\/fullatacados.com.br\/index.php\/produto\/suporte-bau-bros160-2015-xre190-2016\/"},"modified":"2026-04-29T15:10:07","modified_gmt":"2026-04-29T18:10:07","slug":"suporte-bau-bros160-2015-xre190-2016","status":"publish","type":"product","link":"https:\/\/fullatacados.com.br\/index.php\/produto\/suporte-bau-bros160-2015-xre190-2016\/","title":{"rendered":"SUPORTE BAU BROS160 2015\/XRE190 2016"},"content":{"rendered":"","protected":false},"excerpt":{"rendered":"<p>Suporte de ba\u00fa para Honda NXR 160 Bros 2015 e XRE 190 2016, produzido em a\u00e7o refor\u00e7ado, ideal para fixa\u00e7\u00e3o segura de ba\u00fas e transporte de cargas com resist\u00eancia e estabilidade.<\/p>\n","protected":false},"featured_media":15465,"comment_status":"open","ping_status":"closed","template":"","meta":{"_joinchat":[]},"product_brand":[183],"product_cat":[482,15],"product_tag":[],"class_list":{"0":"post-15102","1":"product","2":"type-product","3":"status-publish","4":"has-post-thumbnail","6":"product_brand-pro-tork","7":"product_cat-moto-pecas","8":"product_cat-sem-categoria","9":"product_shipping_class-envionormal","11":"first","12":"instock","13":"shipping-taxable","14":"purchasable","15":"product-type-simple"},"_links":{"self":[{"href":"https:\/\/fullatacados.com.br\/index.php\/wp-json\/wp\/v2\/product\/15102","targetHints":{"allow":["GET"]}}],"collection":[{"href":"https:\/\/fullatacados.com.br\/index.php\/wp-json\/wp\/v2\/product"}],"about":[{"href":"https:\/\/fullatacados.com.br\/index.php\/wp-json\/wp\/v2\/types\/product"}],"replies":[{"embeddable":true,"href":"https:\/\/fullatacados.com.br\/index.php\/wp-json\/wp\/v2\/comments?post=15102"}],"wp:featuredmedia":[{"embeddable":true,"href":"https:\/\/fullatacados.com.br\/index.php\/wp-json\/wp\/v2\/media\/15465"}],"wp:attachment":[{"href":"https:\/\/fullatacados.com.br\/index.php\/wp-json\/wp\/v2\/media?parent=15102"}],"wp:term":[{"taxonomy":"product_brand","embeddable":true,"href":"https:\/\/fullatacados.com.br\/index.php\/wp-json\/wp\/v2\/product_brand?post=15102"},{"taxonomy":"product_cat","embeddable":true,"href":"https:\/\/fullatacados.com.br\/index.php\/wp-json\/wp\/v2\/product_cat?post=15102"},{"taxonomy":"product_tag","embeddable":true,"href":"https:\/\/fullatacados.com.br\/index.php\/wp-json\/wp\/v2\/product_tag?post=15102"}],"curies":[{"name":"wp","href":"https:\/\/api.w.org\/{rel}","templated":true}]}}