{"id":15101,"date":"2025-08-12T15:55:10","date_gmt":"2025-08-12T18:55:10","guid":{"rendered":"https:\/\/fullatacados.com.br\/index.php\/produto\/suporte-bau-bros125-150-ate-08\/"},"modified":"2025-12-01T13:14:28","modified_gmt":"2025-12-01T16:14:28","slug":"suporte-bau-bros125-150-ate-08","status":"publish","type":"product","link":"https:\/\/fullatacados.com.br\/index.php\/produto\/suporte-bau-bros125-150-ate-08\/","title":{"rendered":"SUPORTE BAU BROS125\/150 ATE 08"},"content":{"rendered":"<p>Suporte de ba\u00fa para Honda NXR 125\/150 Bros at\u00e9 2008, fabricado em a\u00e7o refor\u00e7ado, ideal para fixa\u00e7\u00e3o segura de ba\u00fas e transporte de carga.<\/p>\n","protected":false},"excerpt":{"rendered":"<p>Suporte de ba\u00fa para Honda NXR 125\/150 Bros at\u00e9 2008, fabricado em a\u00e7o refor\u00e7ado, ideal para fixa\u00e7\u00e3o segura de ba\u00fas e transporte de carga.<\/p>\n","protected":false},"featured_media":15458,"comment_status":"open","ping_status":"closed","template":"","meta":{"_joinchat":[]},"product_brand":[],"product_cat":[482,15],"product_tag":[],"class_list":{"0":"post-15101","1":"product","2":"type-product","3":"status-publish","4":"has-post-thumbnail","6":"product_cat-moto-pecas","7":"product_cat-sem-categoria","8":"product_shipping_class-envionormal","10":"first","11":"instock","12":"shipping-taxable","13":"purchasable","14":"product-type-simple"},"_links":{"self":[{"href":"https:\/\/fullatacados.com.br\/index.php\/wp-json\/wp\/v2\/product\/15101","targetHints":{"allow":["GET"]}}],"collection":[{"href":"https:\/\/fullatacados.com.br\/index.php\/wp-json\/wp\/v2\/product"}],"about":[{"href":"https:\/\/fullatacados.com.br\/index.php\/wp-json\/wp\/v2\/types\/product"}],"replies":[{"embeddable":true,"href":"https:\/\/fullatacados.com.br\/index.php\/wp-json\/wp\/v2\/comments?post=15101"}],"wp:featuredmedia":[{"embeddable":true,"href":"https:\/\/fullatacados.com.br\/index.php\/wp-json\/wp\/v2\/media\/15458"}],"wp:attachment":[{"href":"https:\/\/fullatacados.com.br\/index.php\/wp-json\/wp\/v2\/media?parent=15101"}],"wp:term":[{"taxonomy":"product_brand","embeddable":true,"href":"https:\/\/fullatacados.com.br\/index.php\/wp-json\/wp\/v2\/product_brand?post=15101"},{"taxonomy":"product_cat","embeddable":true,"href":"https:\/\/fullatacados.com.br\/index.php\/wp-json\/wp\/v2\/product_cat?post=15101"},{"taxonomy":"product_tag","embeddable":true,"href":"https:\/\/fullatacados.com.br\/index.php\/wp-json\/wp\/v2\/product_tag?post=15101"}],"curies":[{"name":"wp","href":"https:\/\/api.w.org\/{rel}","templated":true}]}}