{"id":15099,"date":"2025-08-12T15:55:10","date_gmt":"2025-08-12T18:55:10","guid":{"rendered":"https:\/\/fullatacados.com.br\/index.php\/produto\/suporte-bau-tit150-160-cargo\/"},"modified":"2026-02-09T16:35:08","modified_gmt":"2026-02-09T19:35:08","slug":"suporte-bau-tit150-160-cargo","status":"publish","type":"product","link":"https:\/\/fullatacados.com.br\/index.php\/produto\/suporte-bau-tit150-160-cargo\/","title":{"rendered":"SUPORTE BAU TIT150\/160 CARGO"},"content":{"rendered":"","protected":false},"excerpt":{"rendered":"<p>Suporte de ba\u00fa para Honda CG Titan 150\/160 vers\u00e3o Cargo, fabricado em a\u00e7o refor\u00e7ado, projetado para fixa\u00e7\u00e3o segura de ba\u00fas e transporte de cargas com estabilidade e durabilidade.<\/p>\n","protected":false},"featured_media":15463,"comment_status":"open","ping_status":"closed","template":"","meta":{"_joinchat":[]},"product_brand":[233],"product_cat":[482,15],"product_tag":[],"class_list":{"0":"post-15099","1":"product","2":"type-product","3":"status-publish","4":"has-post-thumbnail","6":"product_brand-max-motoparts","7":"product_cat-moto-pecas","8":"product_cat-sem-categoria","9":"product_shipping_class-envionormal","11":"first","12":"instock","13":"shipping-taxable","14":"purchasable","15":"product-type-simple"},"_links":{"self":[{"href":"https:\/\/fullatacados.com.br\/index.php\/wp-json\/wp\/v2\/product\/15099","targetHints":{"allow":["GET"]}}],"collection":[{"href":"https:\/\/fullatacados.com.br\/index.php\/wp-json\/wp\/v2\/product"}],"about":[{"href":"https:\/\/fullatacados.com.br\/index.php\/wp-json\/wp\/v2\/types\/product"}],"replies":[{"embeddable":true,"href":"https:\/\/fullatacados.com.br\/index.php\/wp-json\/wp\/v2\/comments?post=15099"}],"wp:featuredmedia":[{"embeddable":true,"href":"https:\/\/fullatacados.com.br\/index.php\/wp-json\/wp\/v2\/media\/15463"}],"wp:attachment":[{"href":"https:\/\/fullatacados.com.br\/index.php\/wp-json\/wp\/v2\/media?parent=15099"}],"wp:term":[{"taxonomy":"product_brand","embeddable":true,"href":"https:\/\/fullatacados.com.br\/index.php\/wp-json\/wp\/v2\/product_brand?post=15099"},{"taxonomy":"product_cat","embeddable":true,"href":"https:\/\/fullatacados.com.br\/index.php\/wp-json\/wp\/v2\/product_cat?post=15099"},{"taxonomy":"product_tag","embeddable":true,"href":"https:\/\/fullatacados.com.br\/index.php\/wp-json\/wp\/v2\/product_tag?post=15099"}],"curies":[{"name":"wp","href":"https:\/\/api.w.org\/{rel}","templated":true}]}}