{"id":15097,"date":"2025-08-12T15:55:10","date_gmt":"2025-08-12T18:55:10","guid":{"rendered":"https:\/\/fullatacados.com.br\/index.php\/produto\/suporte-bau-tit160-16-amortecedor\/"},"modified":"2026-04-30T10:15:07","modified_gmt":"2026-04-30T13:15:07","slug":"suporte-bau-tit160-16-amortecedor","status":"publish","type":"product","link":"https:\/\/fullatacados.com.br\/index.php\/produto\/suporte-bau-tit160-16-amortecedor\/","title":{"rendered":"SUPORTE BAU TIT160 16&#8230; AMORTECEDOR"},"content":{"rendered":"<p>Bagageiro tubular Pro Tork para Titan 160 (2016\u20132019)<br \/>\nEstrutura em a\u00e7o maci\u00e7o, fixa\u00e7\u00e3o direta no amortecedor por meio da al\u00e7a original da moto, dispensando a remo\u00e7\u00e3o da rabeta. Instala\u00e7\u00e3o r\u00e1pida, resistente e com excelente custo-benef\u00edcio para transporte seguro de ba\u00fas e bauletos<\/p>\n","protected":false},"excerpt":{"rendered":"<p>Bagageiro tubular Pro Tork para Titan 160 (2016\u20132019) Estrutura em a\u00e7o maci\u00e7o, fixa\u00e7\u00e3o direta no amortecedor por meio da al\u00e7a original da moto, dispensando a remo\u00e7\u00e3o da rabeta. Instala\u00e7\u00e3o r\u00e1pida, resistente e com excelente custo-benef\u00edcio para transporte seguro de ba\u00fas e bauletos<\/p>\n","protected":false},"featured_media":15461,"comment_status":"open","ping_status":"closed","template":"","meta":{"_joinchat":[]},"product_brand":[183],"product_cat":[482,15],"product_tag":[],"class_list":{"0":"post-15097","1":"product","2":"type-product","3":"status-publish","4":"has-post-thumbnail","6":"product_brand-pro-tork","7":"product_cat-moto-pecas","8":"product_cat-sem-categoria","9":"product_shipping_class-envionormal","11":"first","12":"instock","13":"shipping-taxable","14":"purchasable","15":"product-type-simple"},"_links":{"self":[{"href":"https:\/\/fullatacados.com.br\/index.php\/wp-json\/wp\/v2\/product\/15097","targetHints":{"allow":["GET"]}}],"collection":[{"href":"https:\/\/fullatacados.com.br\/index.php\/wp-json\/wp\/v2\/product"}],"about":[{"href":"https:\/\/fullatacados.com.br\/index.php\/wp-json\/wp\/v2\/types\/product"}],"replies":[{"embeddable":true,"href":"https:\/\/fullatacados.com.br\/index.php\/wp-json\/wp\/v2\/comments?post=15097"}],"wp:featuredmedia":[{"embeddable":true,"href":"https:\/\/fullatacados.com.br\/index.php\/wp-json\/wp\/v2\/media\/15461"}],"wp:attachment":[{"href":"https:\/\/fullatacados.com.br\/index.php\/wp-json\/wp\/v2\/media?parent=15097"}],"wp:term":[{"taxonomy":"product_brand","embeddable":true,"href":"https:\/\/fullatacados.com.br\/index.php\/wp-json\/wp\/v2\/product_brand?post=15097"},{"taxonomy":"product_cat","embeddable":true,"href":"https:\/\/fullatacados.com.br\/index.php\/wp-json\/wp\/v2\/product_cat?post=15097"},{"taxonomy":"product_tag","embeddable":true,"href":"https:\/\/fullatacados.com.br\/index.php\/wp-json\/wp\/v2\/product_tag?post=15097"}],"curies":[{"name":"wp","href":"https:\/\/api.w.org\/{rel}","templated":true}]}}