{"id":15096,"date":"2025-08-12T15:55:09","date_gmt":"2025-08-12T18:55:09","guid":{"rendered":"https:\/\/fullatacados.com.br\/index.php\/produto\/suporte-bau-tit150-2014-amortecedor\/"},"modified":"2026-03-18T17:00:07","modified_gmt":"2026-03-18T20:00:07","slug":"suporte-bau-tit150-2014-amortecedor","status":"publish","type":"product","link":"https:\/\/fullatacados.com.br\/index.php\/produto\/suporte-bau-tit150-2014-amortecedor\/","title":{"rendered":"SUPORTE BAU TIT150\/START16 14\/26 AMORT"},"content":{"rendered":"<p>Suporte de ba\u00fa para Honda Titan 150 2014, com fixa\u00e7\u00e3o no amortecedor, fabricado em a\u00e7o resistente, garantindo instala\u00e7\u00e3o segura e transporte est\u00e1vel de ba\u00fas e cargas.<\/p>\n","protected":false},"excerpt":{"rendered":"<p>Suporte de ba\u00fa para Honda Titan 150 2014, com fixa\u00e7\u00e3o no amortecedor, fabricado em a\u00e7o resistente, garantindo instala\u00e7\u00e3o segura e transporte est\u00e1vel de ba\u00fas e cargas.<\/p>\n","protected":false},"featured_media":15467,"comment_status":"open","ping_status":"closed","template":"","meta":{"_joinchat":[]},"product_brand":[183],"product_cat":[482,15],"product_tag":[],"class_list":{"0":"post-15096","1":"product","2":"type-product","3":"status-publish","4":"has-post-thumbnail","6":"product_brand-pro-tork","7":"product_cat-moto-pecas","8":"product_cat-sem-categoria","9":"product_shipping_class-envionormal","11":"first","12":"instock","13":"shipping-taxable","14":"purchasable","15":"product-type-simple"},"_links":{"self":[{"href":"https:\/\/fullatacados.com.br\/index.php\/wp-json\/wp\/v2\/product\/15096","targetHints":{"allow":["GET"]}}],"collection":[{"href":"https:\/\/fullatacados.com.br\/index.php\/wp-json\/wp\/v2\/product"}],"about":[{"href":"https:\/\/fullatacados.com.br\/index.php\/wp-json\/wp\/v2\/types\/product"}],"replies":[{"embeddable":true,"href":"https:\/\/fullatacados.com.br\/index.php\/wp-json\/wp\/v2\/comments?post=15096"}],"wp:featuredmedia":[{"embeddable":true,"href":"https:\/\/fullatacados.com.br\/index.php\/wp-json\/wp\/v2\/media\/15467"}],"wp:attachment":[{"href":"https:\/\/fullatacados.com.br\/index.php\/wp-json\/wp\/v2\/media?parent=15096"}],"wp:term":[{"taxonomy":"product_brand","embeddable":true,"href":"https:\/\/fullatacados.com.br\/index.php\/wp-json\/wp\/v2\/product_brand?post=15096"},{"taxonomy":"product_cat","embeddable":true,"href":"https:\/\/fullatacados.com.br\/index.php\/wp-json\/wp\/v2\/product_cat?post=15096"},{"taxonomy":"product_tag","embeddable":true,"href":"https:\/\/fullatacados.com.br\/index.php\/wp-json\/wp\/v2\/product_tag?post=15096"}],"curies":[{"name":"wp","href":"https:\/\/api.w.org\/{rel}","templated":true}]}}