{"id":15094,"date":"2025-08-12T15:55:09","date_gmt":"2025-08-12T18:55:09","guid":{"rendered":"https:\/\/fullatacados.com.br\/index.php\/produto\/suporte-bau-ybr\/"},"modified":"2026-03-11T11:50:07","modified_gmt":"2026-03-11T14:50:07","slug":"suporte-bau-ybr","status":"publish","type":"product","link":"https:\/\/fullatacados.com.br\/index.php\/produto\/suporte-bau-ybr\/","title":{"rendered":"SUPORTE BAU YBR"},"content":{"rendered":"<p>Suporte de ba\u00fa para Yamaha YBR, produzido em a\u00e7o refor\u00e7ado, ideal para fixa\u00e7\u00e3o segura de ba\u00fas e transporte de cargas com estabilidade e durabilidade.<\/p>\n","protected":false},"excerpt":{"rendered":"<p>Suporte de ba\u00fa para Yamaha YBR, produzido em a\u00e7o refor\u00e7ado, ideal para fixa\u00e7\u00e3o segura de ba\u00fas e transporte de cargas com estabilidade e durabilidade.<\/p>\n","protected":false},"featured_media":15467,"comment_status":"open","ping_status":"closed","template":"","meta":{"_joinchat":[]},"product_brand":[184],"product_cat":[482,15],"product_tag":[],"class_list":{"0":"post-15094","1":"product","2":"type-product","3":"status-publish","4":"has-post-thumbnail","6":"product_brand-tork","7":"product_cat-moto-pecas","8":"product_cat-sem-categoria","9":"product_shipping_class-envionormal","11":"first","12":"instock","13":"shipping-taxable","14":"purchasable","15":"product-type-simple"},"_links":{"self":[{"href":"https:\/\/fullatacados.com.br\/index.php\/wp-json\/wp\/v2\/product\/15094","targetHints":{"allow":["GET"]}}],"collection":[{"href":"https:\/\/fullatacados.com.br\/index.php\/wp-json\/wp\/v2\/product"}],"about":[{"href":"https:\/\/fullatacados.com.br\/index.php\/wp-json\/wp\/v2\/types\/product"}],"replies":[{"embeddable":true,"href":"https:\/\/fullatacados.com.br\/index.php\/wp-json\/wp\/v2\/comments?post=15094"}],"wp:featuredmedia":[{"embeddable":true,"href":"https:\/\/fullatacados.com.br\/index.php\/wp-json\/wp\/v2\/media\/15467"}],"wp:attachment":[{"href":"https:\/\/fullatacados.com.br\/index.php\/wp-json\/wp\/v2\/media?parent=15094"}],"wp:term":[{"taxonomy":"product_brand","embeddable":true,"href":"https:\/\/fullatacados.com.br\/index.php\/wp-json\/wp\/v2\/product_brand?post=15094"},{"taxonomy":"product_cat","embeddable":true,"href":"https:\/\/fullatacados.com.br\/index.php\/wp-json\/wp\/v2\/product_cat?post=15094"},{"taxonomy":"product_tag","embeddable":true,"href":"https:\/\/fullatacados.com.br\/index.php\/wp-json\/wp\/v2\/product_tag?post=15094"}],"curies":[{"name":"wp","href":"https:\/\/api.w.org\/{rel}","templated":true}]}}