{"id":15091,"date":"2025-08-12T15:55:09","date_gmt":"2025-08-12T18:55:09","guid":{"rendered":"https:\/\/fullatacados.com.br\/index.php\/produto\/suporte-paralama-diant-tit150-09-13\/"},"modified":"2026-04-29T18:25:11","modified_gmt":"2026-04-29T21:25:11","slug":"suporte-paralama-diant-tit150-09-13","status":"publish","type":"product","link":"https:\/\/fullatacados.com.br\/index.php\/produto\/suporte-paralama-diant-tit150-09-13\/","title":{"rendered":"SUPORTE PARALAMA DIANT TIT150 09\/13"},"content":{"rendered":"<p>Suporte de paralama dianteiro para Honda Fan e tit 2009 a 2013, fabricado em material resistente, garantindo fixa\u00e7\u00e3o firme e alinhamento correto do paralama, proporcionando seguran\u00e7a e durabilidade.<\/p>\n","protected":false},"excerpt":{"rendered":"<p>Suporte de paralama dianteiro para Honda Fan e tit 2009 a 2013, fabricado em material resistente, garantindo fixa\u00e7\u00e3o firme e alinhamento correto do paralama, proporcionando seguran\u00e7a e durabilidade.<\/p>\n","protected":false},"featured_media":15469,"comment_status":"open","ping_status":"closed","template":"","meta":{"_joinchat":[]},"product_brand":[199],"product_cat":[482,15],"product_tag":[],"class_list":{"0":"post-15091","1":"product","2":"type-product","3":"status-publish","4":"has-post-thumbnail","6":"product_brand-importado","7":"product_cat-moto-pecas","8":"product_cat-sem-categoria","9":"product_shipping_class-envionormal","11":"first","12":"instock","13":"shipping-taxable","14":"purchasable","15":"product-type-simple"},"_links":{"self":[{"href":"https:\/\/fullatacados.com.br\/index.php\/wp-json\/wp\/v2\/product\/15091","targetHints":{"allow":["GET"]}}],"collection":[{"href":"https:\/\/fullatacados.com.br\/index.php\/wp-json\/wp\/v2\/product"}],"about":[{"href":"https:\/\/fullatacados.com.br\/index.php\/wp-json\/wp\/v2\/types\/product"}],"replies":[{"embeddable":true,"href":"https:\/\/fullatacados.com.br\/index.php\/wp-json\/wp\/v2\/comments?post=15091"}],"wp:featuredmedia":[{"embeddable":true,"href":"https:\/\/fullatacados.com.br\/index.php\/wp-json\/wp\/v2\/media\/15469"}],"wp:attachment":[{"href":"https:\/\/fullatacados.com.br\/index.php\/wp-json\/wp\/v2\/media?parent=15091"}],"wp:term":[{"taxonomy":"product_brand","embeddable":true,"href":"https:\/\/fullatacados.com.br\/index.php\/wp-json\/wp\/v2\/product_brand?post=15091"},{"taxonomy":"product_cat","embeddable":true,"href":"https:\/\/fullatacados.com.br\/index.php\/wp-json\/wp\/v2\/product_cat?post=15091"},{"taxonomy":"product_tag","embeddable":true,"href":"https:\/\/fullatacados.com.br\/index.php\/wp-json\/wp\/v2\/product_tag?post=15091"}],"curies":[{"name":"wp","href":"https:\/\/api.w.org\/{rel}","templated":true}]}}