{"id":14947,"date":"2025-08-11T14:15:08","date_gmt":"2025-08-11T17:15:08","guid":{"rendered":"https:\/\/fullatacados.com.br\/index.php\/produto\/jaqueta-x11-stretch-preto-gg\/"},"modified":"2026-03-25T12:15:08","modified_gmt":"2026-03-25T15:15:08","slug":"jaqueta-x11-stretch-preto-gg","status":"publish","type":"product","link":"https:\/\/fullatacados.com.br\/index.php\/produto\/jaqueta-x11-stretch-preto-gg\/","title":{"rendered":"JAQUETA X11 STRETCH PRETO GG"},"content":{"rendered":"<p>Forra\u00e7\u00e3o imperme\u00e1vel remov\u00edvel com acabamento interior em mesh;<br \/>\nGola em fleece e neoprene;<br \/>\nZonas el\u00e1sticas com tecido &#8220;stretch solution&#8221; nos bra\u00e7os e ao longo das costelas e barriga;<br \/>\nDois pain\u00e9is de entradas de ar frontais e um painel enorme de sa\u00edda na traseira;<br \/>\nDois bolsos frontais em mesh como alternativa para mais ventila\u00e7\u00e3o;<br \/>\nEntrada de ar nos bra\u00e7os;<br \/>\nUm bolso interno;<\/p>\n","protected":false},"excerpt":{"rendered":"<p>Forra\u00e7\u00e3o imperme\u00e1vel remov\u00edvel com acabamento interior em mesh; Gola em fleece e neoprene; Zonas el\u00e1sticas com tecido &#8220;stretch solution&#8221; nos bra\u00e7os e ao longo das costelas e barriga; Dois pain\u00e9is de entradas de ar frontais e um painel enorme de sa\u00edda na traseira; Dois bolsos frontais em mesh como alternativa para mais ventila\u00e7\u00e3o; Entrada de [&hellip;]<\/p>\n","protected":false},"featured_media":14948,"comment_status":"open","ping_status":"closed","template":"","meta":{"_joinchat":[]},"product_brand":[249],"product_cat":[482,15],"product_tag":[],"class_list":{"0":"post-14947","1":"product","2":"type-product","3":"status-publish","4":"has-post-thumbnail","6":"product_brand-x11","7":"product_cat-moto-pecas","8":"product_cat-sem-categoria","9":"product_shipping_class-envionormal","11":"first","12":"instock","13":"shipping-taxable","14":"purchasable","15":"product-type-simple"},"_links":{"self":[{"href":"https:\/\/fullatacados.com.br\/index.php\/wp-json\/wp\/v2\/product\/14947","targetHints":{"allow":["GET"]}}],"collection":[{"href":"https:\/\/fullatacados.com.br\/index.php\/wp-json\/wp\/v2\/product"}],"about":[{"href":"https:\/\/fullatacados.com.br\/index.php\/wp-json\/wp\/v2\/types\/product"}],"replies":[{"embeddable":true,"href":"https:\/\/fullatacados.com.br\/index.php\/wp-json\/wp\/v2\/comments?post=14947"}],"wp:featuredmedia":[{"embeddable":true,"href":"https:\/\/fullatacados.com.br\/index.php\/wp-json\/wp\/v2\/media\/14948"}],"wp:attachment":[{"href":"https:\/\/fullatacados.com.br\/index.php\/wp-json\/wp\/v2\/media?parent=14947"}],"wp:term":[{"taxonomy":"product_brand","embeddable":true,"href":"https:\/\/fullatacados.com.br\/index.php\/wp-json\/wp\/v2\/product_brand?post=14947"},{"taxonomy":"product_cat","embeddable":true,"href":"https:\/\/fullatacados.com.br\/index.php\/wp-json\/wp\/v2\/product_cat?post=14947"},{"taxonomy":"product_tag","embeddable":true,"href":"https:\/\/fullatacados.com.br\/index.php\/wp-json\/wp\/v2\/product_tag?post=14947"}],"curies":[{"name":"wp","href":"https:\/\/api.w.org\/{rel}","templated":true}]}}