{"id":14923,"date":"2025-08-11T14:00:09","date_gmt":"2025-08-11T17:00:09","guid":{"rendered":"https:\/\/fullatacados.com.br\/index.php\/produto\/jaqueta-iron-3-fem-preto-rosa-p\/"},"modified":"2026-04-22T10:40:07","modified_gmt":"2026-04-22T13:40:07","slug":"jaqueta-iron-3-fem-preto-rosa-p","status":"publish","type":"product","link":"https:\/\/fullatacados.com.br\/index.php\/produto\/jaqueta-iron-3-fem-preto-rosa-p\/","title":{"rendered":"JAQUETA IRON 3 FEM PRETO\/ROSA P"},"content":{"rendered":"","protected":false},"excerpt":{"rendered":"<p>A jaqueta ideal para quem procura equipamentos b\u00e1sicos e com visual esportivo, leves e que garantem a seguran\u00e7a na pilotagem do dia a dia e nas estradas.<\/p>\n<p>Especifica\u00e7\u00f5es T\u00e9cnicas:<\/p>\n<p>Design esportivo com caimento regular;<br \/>\nTecido poli\u00e9ster 300D;<br \/>\nMembrana de impermeabiliza\u00e7\u00e3o;<br \/>\nGola em fleece e Neoprene;<br \/>\nPain\u00e9is el\u00e1sticos nas costas e cotovelos;<br \/>\n2 bolsos externos;<br \/>\nProte\u00e7\u00e3o com C.E. nos ombros e cotovelos;<br \/>\nRefletivos nos bra\u00e7os, peito e costas;<br \/>\nAl\u00e7as para conex\u00e3o com cal\u00e7as X11;<br \/>\nAjuste em velcro nas mangas e cintura;<br \/>\nBolso interno imperme\u00e1vel no peito;<br \/>\nCanaleta imperme\u00e1vel sob z\u00edper frontal;<br \/>\nZ\u00edper YKK.<\/p>\n","protected":false},"featured_media":14961,"comment_status":"open","ping_status":"closed","template":"","meta":{"_joinchat":[]},"product_brand":[249],"product_cat":[482,15],"product_tag":[],"class_list":{"0":"post-14923","1":"product","2":"type-product","3":"status-publish","4":"has-post-thumbnail","6":"product_brand-x11","7":"product_cat-moto-pecas","8":"product_cat-sem-categoria","9":"product_shipping_class-envionormal","11":"first","12":"instock","13":"shipping-taxable","14":"purchasable","15":"product-type-simple"},"_links":{"self":[{"href":"https:\/\/fullatacados.com.br\/index.php\/wp-json\/wp\/v2\/product\/14923","targetHints":{"allow":["GET"]}}],"collection":[{"href":"https:\/\/fullatacados.com.br\/index.php\/wp-json\/wp\/v2\/product"}],"about":[{"href":"https:\/\/fullatacados.com.br\/index.php\/wp-json\/wp\/v2\/types\/product"}],"replies":[{"embeddable":true,"href":"https:\/\/fullatacados.com.br\/index.php\/wp-json\/wp\/v2\/comments?post=14923"}],"wp:featuredmedia":[{"embeddable":true,"href":"https:\/\/fullatacados.com.br\/index.php\/wp-json\/wp\/v2\/media\/14961"}],"wp:attachment":[{"href":"https:\/\/fullatacados.com.br\/index.php\/wp-json\/wp\/v2\/media?parent=14923"}],"wp:term":[{"taxonomy":"product_brand","embeddable":true,"href":"https:\/\/fullatacados.com.br\/index.php\/wp-json\/wp\/v2\/product_brand?post=14923"},{"taxonomy":"product_cat","embeddable":true,"href":"https:\/\/fullatacados.com.br\/index.php\/wp-json\/wp\/v2\/product_cat?post=14923"},{"taxonomy":"product_tag","embeddable":true,"href":"https:\/\/fullatacados.com.br\/index.php\/wp-json\/wp\/v2\/product_tag?post=14923"}],"curies":[{"name":"wp","href":"https:\/\/api.w.org\/{rel}","templated":true}]}}