{"id":14920,"date":"2025-08-11T13:55:09","date_gmt":"2025-08-11T16:55:09","guid":{"rendered":"https:\/\/fullatacados.com.br\/index.php\/produto\/jaqueta-evo-4-nylon-preto-3g\/"},"modified":"2025-12-01T13:19:20","modified_gmt":"2025-12-01T16:19:20","slug":"jaqueta-evo-4-nylon-preto-3g","status":"publish","type":"product","link":"https:\/\/fullatacados.com.br\/index.php\/produto\/jaqueta-evo-4-nylon-preto-3g\/","title":{"rendered":"JAQUETA EVO 4 NYLON PRETO 3G"},"content":{"rendered":"<p>JAQUETA X11 EVO 4 MASCULINA<\/p>\n<p>Para voc\u00ea que encara ruas e estradas, uma jaqueta com tecidos extremamente resistentes \u00e0 abras\u00e3o, com design moderno e exclusivo.<\/p>\n<p>Caracter\u00edsticas:<\/p>\n<p>Tecido poli\u00e9ster 300D, 600D e Jackguard 900D nas \u00e1reas de maior abras\u00e3o;<br \/>\n\u00c1reas especiais de tecido flex\u00edvel e resistente \u00e0 abras\u00e3o com elastano;<br \/>\nGola em fleece e Neoprene;<br \/>\n100% imperme\u00e1vel;<br \/>\nDesign esportivo;<br \/>\nSlim fit, com formato anat\u00f4mico na cintura;<br \/>\nIm\u00e3 para fixa\u00e7\u00e3o da aba da gola;<br \/>\nAjuste de cintura em velcro com el\u00e1stico;<br \/>\nPain\u00e9is el\u00e1sticos nas costas e cotovelo;<br \/>\nForra\u00e7\u00e3o t\u00e9rmica casual e remov\u00edvel;<br \/>\nPuxadores emborrachados nos z\u00edperes principais;<br \/>\nDois bolsos externos com z\u00edper;<br \/>\n3 bolsos internos na forra\u00e7\u00e3o fixa;<br \/>\n2 bolsos de m\u00e3o na forra\u00e7\u00e3o casual;<br \/>\nQuatro entradas de ar frontais e duas sa\u00eddas de ar traseiras;<br \/>\nProtetor externo r\u00edgido em polipropileno e alum\u00ednio nos ombros;<\/p>\n","protected":false},"excerpt":{"rendered":"<p>JAQUETA X11 EVO 4 MASCULINA Para voc\u00ea que encara ruas e estradas, uma jaqueta com tecidos extremamente resistentes \u00e0 abras\u00e3o, com design moderno e exclusivo. Caracter\u00edsticas: Tecido poli\u00e9ster 300D, 600D e Jackguard 900D nas \u00e1reas de maior abras\u00e3o; \u00c1reas especiais de tecido flex\u00edvel e resistente \u00e0 abras\u00e3o com elastano; Gola em fleece e Neoprene; 100% [&hellip;]<\/p>\n","protected":false},"featured_media":14969,"comment_status":"open","ping_status":"closed","template":"","meta":{"_joinchat":[]},"product_brand":[],"product_cat":[482,15],"product_tag":[],"class_list":{"0":"post-14920","1":"product","2":"type-product","3":"status-publish","4":"has-post-thumbnail","6":"product_cat-moto-pecas","7":"product_cat-sem-categoria","8":"product_shipping_class-envionormal","10":"first","11":"outofstock","12":"shipping-taxable","13":"purchasable","14":"product-type-simple"},"_links":{"self":[{"href":"https:\/\/fullatacados.com.br\/index.php\/wp-json\/wp\/v2\/product\/14920","targetHints":{"allow":["GET"]}}],"collection":[{"href":"https:\/\/fullatacados.com.br\/index.php\/wp-json\/wp\/v2\/product"}],"about":[{"href":"https:\/\/fullatacados.com.br\/index.php\/wp-json\/wp\/v2\/types\/product"}],"replies":[{"embeddable":true,"href":"https:\/\/fullatacados.com.br\/index.php\/wp-json\/wp\/v2\/comments?post=14920"}],"wp:featuredmedia":[{"embeddable":true,"href":"https:\/\/fullatacados.com.br\/index.php\/wp-json\/wp\/v2\/media\/14969"}],"wp:attachment":[{"href":"https:\/\/fullatacados.com.br\/index.php\/wp-json\/wp\/v2\/media?parent=14920"}],"wp:term":[{"taxonomy":"product_brand","embeddable":true,"href":"https:\/\/fullatacados.com.br\/index.php\/wp-json\/wp\/v2\/product_brand?post=14920"},{"taxonomy":"product_cat","embeddable":true,"href":"https:\/\/fullatacados.com.br\/index.php\/wp-json\/wp\/v2\/product_cat?post=14920"},{"taxonomy":"product_tag","embeddable":true,"href":"https:\/\/fullatacados.com.br\/index.php\/wp-json\/wp\/v2\/product_tag?post=14920"}],"curies":[{"name":"wp","href":"https:\/\/api.w.org\/{rel}","templated":true}]}}