{"id":14817,"date":"2025-08-01T17:35:07","date_gmt":"2025-08-01T20:35:07","guid":{"rendered":"https:\/\/fullatacados.com.br\/index.php\/produto\/relacao-gsr150-suzuki-s-reten\/"},"modified":"2026-01-19T15:25:09","modified_gmt":"2026-01-19T18:25:09","slug":"relacao-gsr150-suzuki-s-reten","status":"publish","type":"product","link":"https:\/\/fullatacados.com.br\/index.php\/produto\/relacao-gsr150-suzuki-s-reten\/","title":{"rendered":"RELACAO GSR150 SUZUKI S\/ RETEN"},"content":{"rendered":"<p>Rela\u00e7\u00e3o GSR150 Suzuki s\/ Retentor<br \/>\nKit rela\u00e7\u00e3o completo para Suzuki GSR150, composto por corrente, coroa e pinh\u00e3o. Modelo sem retentor, ideal para quem busca custo-benef\u00edcio com boa performance na transmiss\u00e3o da moto no uso di\u00e1rio.<\/p>\n","protected":false},"excerpt":{"rendered":"<p>Rela\u00e7\u00e3o GSR150 Suzuki s\/ Retentor<br \/>\nKit rela\u00e7\u00e3o completo para Suzuki GSR150, composto por corrente, coroa e pinh\u00e3o. Modelo sem retentor, ideal para quem busca custo-benef\u00edcio com boa performance na transmiss\u00e3o da moto no uso di\u00e1rio.<\/p>\n","protected":false},"featured_media":14904,"comment_status":"open","ping_status":"closed","template":"","meta":{"_joinchat":[]},"product_brand":[479],"product_cat":[482,15],"product_tag":[],"class_list":{"0":"post-14817","1":"product","2":"type-product","3":"status-publish","4":"has-post-thumbnail","6":"product_brand-iron","7":"product_cat-moto-pecas","8":"product_cat-sem-categoria","9":"product_shipping_class-envionormal","11":"first","12":"instock","13":"shipping-taxable","14":"purchasable","15":"product-type-simple"},"_links":{"self":[{"href":"https:\/\/fullatacados.com.br\/index.php\/wp-json\/wp\/v2\/product\/14817","targetHints":{"allow":["GET"]}}],"collection":[{"href":"https:\/\/fullatacados.com.br\/index.php\/wp-json\/wp\/v2\/product"}],"about":[{"href":"https:\/\/fullatacados.com.br\/index.php\/wp-json\/wp\/v2\/types\/product"}],"replies":[{"embeddable":true,"href":"https:\/\/fullatacados.com.br\/index.php\/wp-json\/wp\/v2\/comments?post=14817"}],"wp:featuredmedia":[{"embeddable":true,"href":"https:\/\/fullatacados.com.br\/index.php\/wp-json\/wp\/v2\/media\/14904"}],"wp:attachment":[{"href":"https:\/\/fullatacados.com.br\/index.php\/wp-json\/wp\/v2\/media?parent=14817"}],"wp:term":[{"taxonomy":"product_brand","embeddable":true,"href":"https:\/\/fullatacados.com.br\/index.php\/wp-json\/wp\/v2\/product_brand?post=14817"},{"taxonomy":"product_cat","embeddable":true,"href":"https:\/\/fullatacados.com.br\/index.php\/wp-json\/wp\/v2\/product_cat?post=14817"},{"taxonomy":"product_tag","embeddable":true,"href":"https:\/\/fullatacados.com.br\/index.php\/wp-json\/wp\/v2\/product_tag?post=14817"}],"curies":[{"name":"wp","href":"https:\/\/api.w.org\/{rel}","templated":true}]}}