{"id":14815,"date":"2025-08-01T17:30:09","date_gmt":"2025-08-01T20:30:09","guid":{"rendered":"https:\/\/fullatacados.com.br\/index.php\/produto\/relacao-cb600-hornet-08-13-c-ret-iron\/"},"modified":"2026-04-01T11:40:07","modified_gmt":"2026-04-01T14:40:07","slug":"relacao-cb600-hornet-08-13-c-ret-iron","status":"publish","type":"product","link":"https:\/\/fullatacados.com.br\/index.php\/produto\/relacao-cb600-hornet-08-13-c-ret-iron\/","title":{"rendered":"RELACAO CB600 HORNET 08\/13 C\/RET IRON"},"content":{"rendered":"<p>rela\u00e7\u00e3o CB600 Hornet 2008\/2013 c\/ Retentor \u2013 Iron<br \/>\nKit rela\u00e7\u00e3o completo para Honda CB600 Hornet (2008 a 2013), com corrente, coroa e pinh\u00e3o com retentor. Linha Iron, reconhecida pela resist\u00eancia e desempenho. Ideal para quem busca durabilidade e efici\u00eancia na transmiss\u00e3o.<\/p>\n","protected":false},"excerpt":{"rendered":"<p>Rela\u00e7\u00e3o CB600 Hornet 2008\/2013 c\/ Retentor \u2013 Iron<br \/>\nKit rela\u00e7\u00e3o completo para Honda CB600 Hornet (2008 a 2013), com corrente, coroa e pinh\u00e3o com retentor. Linha Iron, reconhecida pela resist\u00eancia e desempenho. Ideal para quem busca durabilidade e efici\u00eancia na transmiss\u00e3o.<\/p>\n","protected":false},"featured_media":14904,"comment_status":"open","ping_status":"closed","template":"","meta":{"_joinchat":[]},"product_brand":[479],"product_cat":[482,15],"product_tag":[],"class_list":{"0":"post-14815","1":"product","2":"type-product","3":"status-publish","4":"has-post-thumbnail","6":"product_brand-iron","7":"product_cat-moto-pecas","8":"product_cat-sem-categoria","9":"product_shipping_class-envionormal","11":"first","12":"instock","13":"shipping-taxable","14":"purchasable","15":"product-type-simple"},"_links":{"self":[{"href":"https:\/\/fullatacados.com.br\/index.php\/wp-json\/wp\/v2\/product\/14815","targetHints":{"allow":["GET"]}}],"collection":[{"href":"https:\/\/fullatacados.com.br\/index.php\/wp-json\/wp\/v2\/product"}],"about":[{"href":"https:\/\/fullatacados.com.br\/index.php\/wp-json\/wp\/v2\/types\/product"}],"replies":[{"embeddable":true,"href":"https:\/\/fullatacados.com.br\/index.php\/wp-json\/wp\/v2\/comments?post=14815"}],"wp:featuredmedia":[{"embeddable":true,"href":"https:\/\/fullatacados.com.br\/index.php\/wp-json\/wp\/v2\/media\/14904"}],"wp:attachment":[{"href":"https:\/\/fullatacados.com.br\/index.php\/wp-json\/wp\/v2\/media?parent=14815"}],"wp:term":[{"taxonomy":"product_brand","embeddable":true,"href":"https:\/\/fullatacados.com.br\/index.php\/wp-json\/wp\/v2\/product_brand?post=14815"},{"taxonomy":"product_cat","embeddable":true,"href":"https:\/\/fullatacados.com.br\/index.php\/wp-json\/wp\/v2\/product_cat?post=14815"},{"taxonomy":"product_tag","embeddable":true,"href":"https:\/\/fullatacados.com.br\/index.php\/wp-json\/wp\/v2\/product_tag?post=14815"}],"curies":[{"name":"wp","href":"https:\/\/api.w.org\/{rel}","templated":true}]}}