{"id":14812,"date":"2025-08-01T17:30:08","date_gmt":"2025-08-01T20:30:08","guid":{"rendered":"https:\/\/fullatacados.com.br\/index.php\/produto\/relacao-bmw-g310-gs-r-c-ret-iron-prem\/"},"modified":"2026-03-17T09:15:07","modified_gmt":"2026-03-17T12:15:07","slug":"relacao-bmw-g310-gs-r-c-ret-iron-prem","status":"publish","type":"product","link":"https:\/\/fullatacados.com.br\/index.php\/produto\/relacao-bmw-g310-gs-r-c-ret-iron-prem\/","title":{"rendered":"RELACAO BMW G310 GS\/R C\/ RET IRON PREM"},"content":{"rendered":"<p>Rela\u00e7\u00e3o BMW G310 GS\/R c\/ Retentor \u2013 Iron Premium<br \/>\nKit rela\u00e7\u00e3o completo para BMW G310 GS\/R, com corrente, coroa e pinh\u00e3o com retentor. Linha Iron Premium, que oferece alta resist\u00eancia, veda\u00e7\u00e3o eficiente e desempenho superior para encarar qualquer trajeto com seguran\u00e7a e durabilidade.<\/p>\n","protected":false},"excerpt":{"rendered":"<p>Rela\u00e7\u00e3o BMW G310 GS\/R c\/ Retentor \u2013 Iron Premium<br \/>\nKit rela\u00e7\u00e3o completo para BMW G310 GS\/R, com corrente, coroa e pinh\u00e3o com retentor. Linha Iron Premium, que oferece alta resist\u00eancia, veda\u00e7\u00e3o eficiente e desempenho superior para encarar qualquer trajeto com seguran\u00e7a e durabilidade.<\/p>\n","protected":false},"featured_media":14904,"comment_status":"open","ping_status":"closed","template":"","meta":{"_joinchat":[]},"product_brand":[479],"product_cat":[482,15],"product_tag":[],"class_list":{"0":"post-14812","1":"product","2":"type-product","3":"status-publish","4":"has-post-thumbnail","6":"product_brand-iron","7":"product_cat-moto-pecas","8":"product_cat-sem-categoria","9":"product_shipping_class-envionormal","11":"first","12":"instock","13":"shipping-taxable","14":"purchasable","15":"product-type-simple"},"_links":{"self":[{"href":"https:\/\/fullatacados.com.br\/index.php\/wp-json\/wp\/v2\/product\/14812","targetHints":{"allow":["GET"]}}],"collection":[{"href":"https:\/\/fullatacados.com.br\/index.php\/wp-json\/wp\/v2\/product"}],"about":[{"href":"https:\/\/fullatacados.com.br\/index.php\/wp-json\/wp\/v2\/types\/product"}],"replies":[{"embeddable":true,"href":"https:\/\/fullatacados.com.br\/index.php\/wp-json\/wp\/v2\/comments?post=14812"}],"wp:featuredmedia":[{"embeddable":true,"href":"https:\/\/fullatacados.com.br\/index.php\/wp-json\/wp\/v2\/media\/14904"}],"wp:attachment":[{"href":"https:\/\/fullatacados.com.br\/index.php\/wp-json\/wp\/v2\/media?parent=14812"}],"wp:term":[{"taxonomy":"product_brand","embeddable":true,"href":"https:\/\/fullatacados.com.br\/index.php\/wp-json\/wp\/v2\/product_brand?post=14812"},{"taxonomy":"product_cat","embeddable":true,"href":"https:\/\/fullatacados.com.br\/index.php\/wp-json\/wp\/v2\/product_cat?post=14812"},{"taxonomy":"product_tag","embeddable":true,"href":"https:\/\/fullatacados.com.br\/index.php\/wp-json\/wp\/v2\/product_tag?post=14812"}],"curies":[{"name":"wp","href":"https:\/\/api.w.org\/{rel}","templated":true}]}}