{"id":14808,"date":"2025-08-01T17:25:08","date_gmt":"2025-08-01T20:25:08","guid":{"rendered":"https:\/\/fullatacados.com.br\/index.php\/produto\/filtro-ar-neo-04-05-importado\/"},"modified":"2025-12-01T13:19:25","modified_gmt":"2025-12-01T16:19:25","slug":"filtro-ar-neo-04-05-importado","status":"publish","type":"product","link":"https:\/\/fullatacados.com.br\/index.php\/produto\/filtro-ar-neo-04-05-importado\/","title":{"rendered":"FILTRO AR NEO 04\/05 IMPORTADO"},"content":{"rendered":"<p>filtro de ar para Yamaha Neo 2004\/2005, modelo importado, que proporciona filtragem eficiente e fluxo de ar adequado, ajudando a manter o desempenho e a prote\u00e7\u00e3o do motor.<\/p>\n","protected":false},"excerpt":{"rendered":"<div>Filtro de Ar Importado \u2013 Yamaha Neo 2004 \/ 2005<\/div>\n<div><\/div>\n<div>Mantenha o desempenho da sua Yamaha Neo sempre em alta com este filtro de ar importado, desenvolvido para oferecer excelente filtragem e prote\u00e7\u00e3o ao motor. Compat\u00edvel com os modelos 2004 e 2005, \u00e9 a escolha ideal para reposi\u00e7\u00e3o com \u00f3timo custo-benef\u00edcio.<\/div>\n<div><\/div>\n<div>\ud83d\udd27 Caracter\u00edsticas:<\/div>\n<div>\u2022Aplica\u00e7\u00e3o: Yamaha Neo 115 \u2013 anos 2004 e 2005<\/div>\n<div>\u2022Modelo importado de alta qualidade<\/div>\n<div>\u2022Garante filtragem eficiente de impurezas<\/div>\n<div>\u2022Melhora a queima do combust\u00edvel e contribui para economia<\/div>\n<div>\u2022F\u00e1cil instala\u00e7\u00e3o e encaixe perfeito<\/div>\n<div><\/div>\n<div>Recomenda-se a substitui\u00e7\u00e3o peri\u00f3dica para manter o bom funcionamento e a vida \u00fatil do motor. Escolha qualidade para sua scooter!<\/div>\n","protected":false},"featured_media":14912,"comment_status":"open","ping_status":"closed","template":"","meta":{"_joinchat":[]},"product_brand":[199],"product_cat":[482,15],"product_tag":[],"class_list":{"0":"post-14808","1":"product","2":"type-product","3":"status-publish","4":"has-post-thumbnail","6":"product_brand-importado","7":"product_cat-moto-pecas","8":"product_cat-sem-categoria","9":"product_shipping_class-envionormal","11":"first","12":"instock","13":"shipping-taxable","14":"purchasable","15":"product-type-simple"},"_links":{"self":[{"href":"https:\/\/fullatacados.com.br\/index.php\/wp-json\/wp\/v2\/product\/14808","targetHints":{"allow":["GET"]}}],"collection":[{"href":"https:\/\/fullatacados.com.br\/index.php\/wp-json\/wp\/v2\/product"}],"about":[{"href":"https:\/\/fullatacados.com.br\/index.php\/wp-json\/wp\/v2\/types\/product"}],"replies":[{"embeddable":true,"href":"https:\/\/fullatacados.com.br\/index.php\/wp-json\/wp\/v2\/comments?post=14808"}],"wp:featuredmedia":[{"embeddable":true,"href":"https:\/\/fullatacados.com.br\/index.php\/wp-json\/wp\/v2\/media\/14912"}],"wp:attachment":[{"href":"https:\/\/fullatacados.com.br\/index.php\/wp-json\/wp\/v2\/media?parent=14808"}],"wp:term":[{"taxonomy":"product_brand","embeddable":true,"href":"https:\/\/fullatacados.com.br\/index.php\/wp-json\/wp\/v2\/product_brand?post=14808"},{"taxonomy":"product_cat","embeddable":true,"href":"https:\/\/fullatacados.com.br\/index.php\/wp-json\/wp\/v2\/product_cat?post=14808"},{"taxonomy":"product_tag","embeddable":true,"href":"https:\/\/fullatacados.com.br\/index.php\/wp-json\/wp\/v2\/product_tag?post=14808"}],"curies":[{"name":"wp","href":"https:\/\/api.w.org\/{rel}","templated":true}]}}