{"id":14807,"date":"2025-08-01T17:25:07","date_gmt":"2025-08-01T20:25:07","guid":{"rendered":"https:\/\/fullatacados.com.br\/index.php\/produto\/filtro-ar-mt07-yamaha-iron\/"},"modified":"2026-04-28T14:25:06","modified_gmt":"2026-04-28T17:25:06","slug":"filtro-ar-mt07-yamaha-iron","status":"publish","type":"product","link":"https:\/\/fullatacados.com.br\/index.php\/produto\/filtro-ar-mt07-yamaha-iron\/","title":{"rendered":"FILTRO AR MT07 YAMAHA IRON"},"content":{"rendered":"<div>Garanta o m\u00e1ximo desempenho da sua MT-07 com o filtro de ar da marca Iron, importado e de alta efici\u00eancia. Desenvolvido para proporcionar uma excelente filtragem e maior fluxo de ar, esse filtro mant\u00e9m o motor limpo, melhora a resposta do acelerador e contribui para a performance geral da moto.<\/div>\n<div><\/div>\n<div>\ud83d\udd27 Especifica\u00e7\u00f5es:<\/div>\n<div>\u2022Aplica\u00e7\u00e3o: Yamaha MT-07 (todos os anos)<\/div>\n<div>\u2022Marca: Iron \u2013 Importado<\/div>\n<div>\u2022Filtragem eficiente de part\u00edculas e impurezas<\/div>\n<div>\u2022Aumenta a vida \u00fatil do motor e melhora o desempenho<\/div>\n<div>\u2022Produto de alta durabilidade e f\u00e1cil instala\u00e7\u00e3o<\/div>\n<div><\/div>\n<div>Ideal para quem busca uma reposi\u00e7\u00e3o confi\u00e1vel com \u00f3timo custo-benef\u00edcio. Mantenha sua MT-07 respirando pot\u00eancia com o filtro de ar Iron!<\/div>\n","protected":false},"excerpt":{"rendered":"<div>Garanta o m\u00e1ximo desempenho da sua MT-07 com o filtro de ar da marca Iron, importado e de alta efici\u00eancia. Desenvolvido para proporcionar uma excelente filtragem e maior fluxo de ar, esse filtro mant\u00e9m o motor limpo, melhora a resposta do acelerador e contribui para a performance geral da moto.<\/div>\n<div><\/div>\n<div>\ud83d\udd27 Especifica\u00e7\u00f5es:<\/div>\n<div>\u2022Aplica\u00e7\u00e3o: Yamaha MT-07 (todos os anos)<\/div>\n<div>\u2022Marca: Iron \u2013 Importado<\/div>\n<div>\u2022Filtragem eficiente de part\u00edculas e impurezas<\/div>\n<div>\u2022Aumenta a vida \u00fatil do motor e melhora o desempenho<\/div>\n<div>\u2022Produto de alta durabilidade e f\u00e1cil instala\u00e7\u00e3o<\/div>\n<div><\/div>\n<div>Ideal para quem busca uma reposi\u00e7\u00e3o confi\u00e1vel com \u00f3timo custo-benef\u00edcio. Mantenha sua MT-07 respirando pot\u00eancia com o filtro de ar Iron!<\/div>\n","protected":false},"featured_media":14908,"comment_status":"open","ping_status":"closed","template":"","meta":{"_joinchat":[]},"product_brand":[479],"product_cat":[482,15],"product_tag":[],"class_list":{"0":"post-14807","1":"product","2":"type-product","3":"status-publish","4":"has-post-thumbnail","6":"product_brand-iron","7":"product_cat-moto-pecas","8":"product_cat-sem-categoria","9":"product_shipping_class-envionormal","11":"first","12":"instock","13":"shipping-taxable","14":"purchasable","15":"product-type-simple"},"_links":{"self":[{"href":"https:\/\/fullatacados.com.br\/index.php\/wp-json\/wp\/v2\/product\/14807","targetHints":{"allow":["GET"]}}],"collection":[{"href":"https:\/\/fullatacados.com.br\/index.php\/wp-json\/wp\/v2\/product"}],"about":[{"href":"https:\/\/fullatacados.com.br\/index.php\/wp-json\/wp\/v2\/types\/product"}],"replies":[{"embeddable":true,"href":"https:\/\/fullatacados.com.br\/index.php\/wp-json\/wp\/v2\/comments?post=14807"}],"wp:featuredmedia":[{"embeddable":true,"href":"https:\/\/fullatacados.com.br\/index.php\/wp-json\/wp\/v2\/media\/14908"}],"wp:attachment":[{"href":"https:\/\/fullatacados.com.br\/index.php\/wp-json\/wp\/v2\/media?parent=14807"}],"wp:term":[{"taxonomy":"product_brand","embeddable":true,"href":"https:\/\/fullatacados.com.br\/index.php\/wp-json\/wp\/v2\/product_brand?post=14807"},{"taxonomy":"product_cat","embeddable":true,"href":"https:\/\/fullatacados.com.br\/index.php\/wp-json\/wp\/v2\/product_cat?post=14807"},{"taxonomy":"product_tag","embeddable":true,"href":"https:\/\/fullatacados.com.br\/index.php\/wp-json\/wp\/v2\/product_tag?post=14807"}],"curies":[{"name":"wp","href":"https:\/\/api.w.org\/{rel}","templated":true}]}}