{"id":14513,"date":"2025-07-28T17:05:12","date_gmt":"2025-07-28T20:05:12","guid":{"rendered":"https:\/\/fullatacados.com.br\/index.php\/produto\/bloco-optico-xre300-19-23-led-farol\/"},"modified":"2026-01-13T16:00:08","modified_gmt":"2026-01-13T19:00:08","slug":"bloco-optico-xre300-19-23-led-farol","status":"publish","type":"product","link":"https:\/\/fullatacados.com.br\/index.php\/produto\/bloco-optico-xre300-19-23-led-farol\/","title":{"rendered":"FAROL COMPLETO XRE300 19\/23 LED"},"content":{"rendered":"","protected":false},"excerpt":{"rendered":"<table class=\"w-fit min-w-(--thread-content-width)\" data-start=\"424\" data-end=\"1264\">\n<thead data-start=\"424\" data-end=\"442\">\n<tr data-start=\"424\" data-end=\"442\">\n<th data-start=\"424\" data-end=\"431\" data-col-size=\"sm\">Item<\/th>\n<th data-start=\"431\" data-end=\"442\" data-col-size=\"md\">Detalhe<\/th>\n<\/tr>\n<\/thead>\n<tbody data-start=\"462\" data-end=\"1264\">\n<tr data-start=\"462\" data-end=\"581\">\n<td data-start=\"462\" data-end=\"502\" data-col-size=\"sm\"><span class=\"relative -mx-px my-[-0.2rem] rounded px-px py-[0.2rem] transition-colors duration-100 ease-in-out\"><strong data-start=\"0\" data-end=\"25\" data-is-last-node=\"\" data-is-only-node=\"\">Tecnologia da l\u00e2mpada<\/strong><\/span><\/td>\n<td data-start=\"502\" data-end=\"581\" data-col-size=\"md\"><span class=\"relative -mx-px my-[-0.2rem] rounded px-px py-[0.2rem] transition-colors duration-100 ease-in-out\">LED super branca (~8000\u202fK) integrada ao farol<\/span><\/td>\n<\/tr>\n<tr data-start=\"582\" data-end=\"725\">\n<td data-start=\"582\" data-end=\"604\" data-col-size=\"sm\"><strong data-start=\"584\" data-end=\"603\">Inclui l\u00e2mpada?<\/strong><\/td>\n<td data-start=\"604\" data-end=\"725\" data-col-size=\"md\">Sim, farol completo com l\u00e2mpada LED e chicote de instala\u00e7\u00e3o (em v\u00e1rios modelos)<\/td>\n<\/tr>\n<tr data-start=\"726\" data-end=\"854\">\n<td data-start=\"726\" data-end=\"750\" data-col-size=\"sm\"><strong data-start=\"728\" data-end=\"749\">Material da lente<\/strong><\/td>\n<td data-col-size=\"md\" data-start=\"750\" data-end=\"854\">Acr\u00edlico cristal, resistente e de boa veda\u00e7\u00e3o (\u00e0 prova d\u2019\u00e1gua)<\/td>\n<\/tr>\n<tr data-start=\"855\" data-end=\"1002\">\n<td data-start=\"855\" data-end=\"880\" data-col-size=\"sm\"><strong data-start=\"857\" data-end=\"879\">Encaixe\/Instala\u00e7\u00e3o<\/strong><\/td>\n<td data-start=\"880\" data-end=\"1002\" data-col-size=\"md\">Design plug-and-play, encaixe id\u00eantico ao original sem necessidade de adapta\u00e7\u00f5es <span class=\"\" data-state=\"closed\"><span class=\"ms-1 inline-flex max-w-full items-center relative top-[-0.094rem] animate-[show_150ms_ease-in]\"><a class=\"flex h-4.5 overflow-hidden rounded-xl px-2 text-[9px] font-medium text-token-text-secondary! bg-[#F4F4F4]! dark:bg-[#303030]! transition-colors duration-150 ease-in-out\" href=\"https:\/\/www.armazemautomotivo.com\/produto\/bloco-optico-farol-full-led-honda-xre-300-2019-a-2023_MLB5012279218?utm_source=chatgpt.com\" target=\"_blank\" rel=\"noopener\"><span class=\"relative start-0 bottom-0 flex h-full w-full items-center\"><span class=\"flex h-4 w-full items-center justify-between overflow-hidden\"><span class=\"max-w-full grow truncate overflow-hidden text-center\">\u00a0<\/span><\/span><\/span><\/a><\/span><\/span><\/td>\n<\/tr>\n<tr data-start=\"1003\" data-end=\"1131\">\n<td data-start=\"1003\" data-end=\"1018\" data-col-size=\"sm\"><strong data-start=\"1005\" data-end=\"1017\">Garantia<\/strong><\/td>\n<td data-col-size=\"md\" data-start=\"1018\" data-end=\"1131\">Geralmente 90 dias contra defeito de fabrica\u00e7\u00e3o (lojas ML ou similares)<\/td>\n<\/tr>\n<tr data-start=\"1132\" data-end=\"1264\">\n<td data-start=\"1132\" data-end=\"1151\" data-col-size=\"sm\"><strong data-start=\"1134\" data-end=\"1150\">Origem\/Marca<\/strong><\/td>\n<td data-start=\"1151\" data-end=\"1264\" data-col-size=\"md\">Produto nacional ou importado de linha compat\u00edvel com padr\u00e3o original<\/td>\n<\/tr>\n<\/tbody>\n<\/table>\n","protected":false},"featured_media":14517,"comment_status":"open","ping_status":"closed","template":"","meta":{"_joinchat":[]},"product_brand":[199],"product_cat":[482,15],"product_tag":[],"class_list":{"0":"post-14513","1":"product","2":"type-product","3":"status-publish","4":"has-post-thumbnail","6":"product_brand-importado","7":"product_cat-moto-pecas","8":"product_cat-sem-categoria","9":"product_shipping_class-envionormal","11":"first","12":"instock","13":"shipping-taxable","14":"purchasable","15":"product-type-simple"},"_links":{"self":[{"href":"https:\/\/fullatacados.com.br\/index.php\/wp-json\/wp\/v2\/product\/14513","targetHints":{"allow":["GET"]}}],"collection":[{"href":"https:\/\/fullatacados.com.br\/index.php\/wp-json\/wp\/v2\/product"}],"about":[{"href":"https:\/\/fullatacados.com.br\/index.php\/wp-json\/wp\/v2\/types\/product"}],"replies":[{"embeddable":true,"href":"https:\/\/fullatacados.com.br\/index.php\/wp-json\/wp\/v2\/comments?post=14513"}],"wp:featuredmedia":[{"embeddable":true,"href":"https:\/\/fullatacados.com.br\/index.php\/wp-json\/wp\/v2\/media\/14517"}],"wp:attachment":[{"href":"https:\/\/fullatacados.com.br\/index.php\/wp-json\/wp\/v2\/media?parent=14513"}],"wp:term":[{"taxonomy":"product_brand","embeddable":true,"href":"https:\/\/fullatacados.com.br\/index.php\/wp-json\/wp\/v2\/product_brand?post=14513"},{"taxonomy":"product_cat","embeddable":true,"href":"https:\/\/fullatacados.com.br\/index.php\/wp-json\/wp\/v2\/product_cat?post=14513"},{"taxonomy":"product_tag","embeddable":true,"href":"https:\/\/fullatacados.com.br\/index.php\/wp-json\/wp\/v2\/product_tag?post=14513"}],"curies":[{"name":"wp","href":"https:\/\/api.w.org\/{rel}","templated":true}]}}