{"id":14511,"date":"2025-07-28T17:05:11","date_gmt":"2025-07-28T20:05:11","guid":{"rendered":"https:\/\/fullatacados.com.br\/index.php\/produto\/bloco-optico-xr250-xr200-bros-xlr\/"},"modified":"2026-01-13T16:20:09","modified_gmt":"2026-01-13T19:20:09","slug":"bloco-optico-xr250-xr200-bros-xlr","status":"publish","type":"product","link":"https:\/\/fullatacados.com.br\/index.php\/produto\/bloco-optico-xr250-xr200-bros-xlr\/","title":{"rendered":"BLOCO OPTICO XR250\/XR200\/BROS\/XLR"},"content":{"rendered":"","protected":false},"excerpt":{"rendered":"<div>Aplica\u00e7\u00e3o: Compat\u00edvel com motos Honda XR250 Tornado, XR200R, Bros (antigas), XLR125\/200<\/div>\n<div>\u2022Material: Lente em acr\u00edlico resistente + carca\u00e7a em pl\u00e1stico r\u00edgido<\/div>\n<div>\u2022Ilumina\u00e7\u00e3o: Suporta l\u00e2mpadas H4 12V 35\/35W (n\u00e3o inclu\u00eddas)<\/div>\n<div>\u2022Encaixe: Padr\u00e3o original, dispensa adapta\u00e7\u00f5es<\/div>\n<div>\u2022Fun\u00e7\u00e3o: Proporciona boa visibilidade noturna e acabamento frontal \u00e0 carenagem<\/div>\n<div>\u2022Cores da lente: Transparente ou fum\u00ea, conforme modelo<\/div>\n","protected":false},"featured_media":14522,"comment_status":"open","ping_status":"closed","template":"","meta":{"_joinchat":[]},"product_brand":[199],"product_cat":[482,15],"product_tag":[],"class_list":{"0":"post-14511","1":"product","2":"type-product","3":"status-publish","4":"has-post-thumbnail","6":"product_brand-importado","7":"product_cat-moto-pecas","8":"product_cat-sem-categoria","9":"product_shipping_class-envionormal","11":"first","12":"instock","13":"shipping-taxable","14":"purchasable","15":"product-type-simple"},"_links":{"self":[{"href":"https:\/\/fullatacados.com.br\/index.php\/wp-json\/wp\/v2\/product\/14511","targetHints":{"allow":["GET"]}}],"collection":[{"href":"https:\/\/fullatacados.com.br\/index.php\/wp-json\/wp\/v2\/product"}],"about":[{"href":"https:\/\/fullatacados.com.br\/index.php\/wp-json\/wp\/v2\/types\/product"}],"replies":[{"embeddable":true,"href":"https:\/\/fullatacados.com.br\/index.php\/wp-json\/wp\/v2\/comments?post=14511"}],"wp:featuredmedia":[{"embeddable":true,"href":"https:\/\/fullatacados.com.br\/index.php\/wp-json\/wp\/v2\/media\/14522"}],"wp:attachment":[{"href":"https:\/\/fullatacados.com.br\/index.php\/wp-json\/wp\/v2\/media?parent=14511"}],"wp:term":[{"taxonomy":"product_brand","embeddable":true,"href":"https:\/\/fullatacados.com.br\/index.php\/wp-json\/wp\/v2\/product_brand?post=14511"},{"taxonomy":"product_cat","embeddable":true,"href":"https:\/\/fullatacados.com.br\/index.php\/wp-json\/wp\/v2\/product_cat?post=14511"},{"taxonomy":"product_tag","embeddable":true,"href":"https:\/\/fullatacados.com.br\/index.php\/wp-json\/wp\/v2\/product_tag?post=14511"}],"curies":[{"name":"wp","href":"https:\/\/api.w.org\/{rel}","templated":true}]}}