{"id":14507,"date":"2025-07-28T17:05:11","date_gmt":"2025-07-28T20:05:11","guid":{"rendered":"https:\/\/fullatacados.com.br\/index.php\/produto\/blusa-segunda-pele-x11-m-climate-2\/"},"modified":"2026-04-28T18:05:06","modified_gmt":"2026-04-28T21:05:06","slug":"blusa-segunda-pele-x11-m-climate-2","status":"publish","type":"product","link":"https:\/\/fullatacados.com.br\/index.php\/produto\/blusa-segunda-pele-x11-m-climate-2\/","title":{"rendered":"BLUSA SEGUNDA PELE X11 M CLIMATE 2"},"content":{"rendered":"","protected":false},"excerpt":{"rendered":"<p>Tecido<br \/>\nFlex\u00edvel, levemente arejado, secagem r\u00e1pida<\/p>\n<p>\u2022Prote\u00e7\u00e3o t\u00e9rmica<br \/>\nEfetiva em dias amenos ou frios (nos modelos Climate 2.2)<\/p>\n<p>\u2022Prote\u00e7\u00e3o UV<br \/>\nUV50+ indicado para exposi\u00e7\u00e3o ao sol<\/p>\n<p>\u2022Tratamentos f\u00edsicos<br \/>\nAnti\u2011odor e dispers\u00e3o de suor<\/p>\n<p>\u2022Seguran\u00e7a<br \/>\nDetalhes refletivos para visibilidade noturna<\/p>\n<p>\u2022Modelagem<br \/>\nAjuste anat\u00f4mico ao corpo, sem apertos, indicado uso sob jaquetas\/roupas<br \/>\nOrigem da marca<br \/>\nFabricado por X11, marca brasileira especializada em vestu\u00e1rio para motociclistas<\/p>\n","protected":false},"featured_media":14521,"comment_status":"open","ping_status":"closed","template":"","meta":{"_joinchat":[]},"product_brand":[249],"product_cat":[482,15],"product_tag":[],"class_list":{"0":"post-14507","1":"product","2":"type-product","3":"status-publish","4":"has-post-thumbnail","6":"product_brand-x11","7":"product_cat-moto-pecas","8":"product_cat-sem-categoria","9":"product_shipping_class-envionormal","11":"first","12":"instock","13":"shipping-taxable","14":"purchasable","15":"product-type-simple"},"_links":{"self":[{"href":"https:\/\/fullatacados.com.br\/index.php\/wp-json\/wp\/v2\/product\/14507","targetHints":{"allow":["GET"]}}],"collection":[{"href":"https:\/\/fullatacados.com.br\/index.php\/wp-json\/wp\/v2\/product"}],"about":[{"href":"https:\/\/fullatacados.com.br\/index.php\/wp-json\/wp\/v2\/types\/product"}],"replies":[{"embeddable":true,"href":"https:\/\/fullatacados.com.br\/index.php\/wp-json\/wp\/v2\/comments?post=14507"}],"wp:featuredmedia":[{"embeddable":true,"href":"https:\/\/fullatacados.com.br\/index.php\/wp-json\/wp\/v2\/media\/14521"}],"wp:attachment":[{"href":"https:\/\/fullatacados.com.br\/index.php\/wp-json\/wp\/v2\/media?parent=14507"}],"wp:term":[{"taxonomy":"product_brand","embeddable":true,"href":"https:\/\/fullatacados.com.br\/index.php\/wp-json\/wp\/v2\/product_brand?post=14507"},{"taxonomy":"product_cat","embeddable":true,"href":"https:\/\/fullatacados.com.br\/index.php\/wp-json\/wp\/v2\/product_cat?post=14507"},{"taxonomy":"product_tag","embeddable":true,"href":"https:\/\/fullatacados.com.br\/index.php\/wp-json\/wp\/v2\/product_tag?post=14507"}],"curies":[{"name":"wp","href":"https:\/\/api.w.org\/{rel}","templated":true}]}}