{"id":14505,"date":"2025-07-28T17:05:11","date_gmt":"2025-07-28T20:05:11","guid":{"rendered":"https:\/\/fullatacados.com.br\/index.php\/produto\/bloco-optico-suzuki-yes\/"},"modified":"2026-02-27T17:00:07","modified_gmt":"2026-02-27T20:00:07","slug":"bloco-optico-suzuki-yes","status":"publish","type":"product","link":"https:\/\/fullatacados.com.br\/index.php\/produto\/bloco-optico-suzuki-yes\/","title":{"rendered":"BLOCO OPTICO SUZUKI YES"},"content":{"rendered":"","protected":false},"excerpt":{"rendered":"<div>Bloco \u00d3ptico Suzuki Yes 125 \u2013 Descri\u00e7\u00e3o Resumida<\/div>\n<div>\u2022Aplica\u00e7\u00e3o: Compat\u00edvel com Suzuki Yes 125 (todos os anos)<\/div>\n<div>\u2022Material: Lente em acr\u00edlico + carca\u00e7a em pl\u00e1stico resistente<\/div>\n<div>\u2022Ilumina\u00e7\u00e3o: Usa l\u00e2mpada H4 12V 35\/35W (n\u00e3o inclu\u00edda)<\/div>\n<div>\u2022Design: Redondo, com acabamento cromado ou preto, conforme modelo<\/div>\n<div>\u2022Encaixe: Substitui\u00e7\u00e3o direta, sem adapta\u00e7\u00f5es<\/div>\n<div>\u2022Fun\u00e7\u00e3o: Garante boa ilumina\u00e7\u00e3o e visual cl\u00e1ssico da moto<\/div>\n","protected":false},"featured_media":14523,"comment_status":"open","ping_status":"closed","template":"","meta":{"_joinchat":[]},"product_brand":[199],"product_cat":[482,15],"product_tag":[],"class_list":{"0":"post-14505","1":"product","2":"type-product","3":"status-publish","4":"has-post-thumbnail","6":"product_brand-importado","7":"product_cat-moto-pecas","8":"product_cat-sem-categoria","9":"product_shipping_class-envionormal","11":"first","12":"instock","13":"shipping-taxable","14":"purchasable","15":"product-type-simple"},"_links":{"self":[{"href":"https:\/\/fullatacados.com.br\/index.php\/wp-json\/wp\/v2\/product\/14505","targetHints":{"allow":["GET"]}}],"collection":[{"href":"https:\/\/fullatacados.com.br\/index.php\/wp-json\/wp\/v2\/product"}],"about":[{"href":"https:\/\/fullatacados.com.br\/index.php\/wp-json\/wp\/v2\/types\/product"}],"replies":[{"embeddable":true,"href":"https:\/\/fullatacados.com.br\/index.php\/wp-json\/wp\/v2\/comments?post=14505"}],"wp:featuredmedia":[{"embeddable":true,"href":"https:\/\/fullatacados.com.br\/index.php\/wp-json\/wp\/v2\/media\/14523"}],"wp:attachment":[{"href":"https:\/\/fullatacados.com.br\/index.php\/wp-json\/wp\/v2\/media?parent=14505"}],"wp:term":[{"taxonomy":"product_brand","embeddable":true,"href":"https:\/\/fullatacados.com.br\/index.php\/wp-json\/wp\/v2\/product_brand?post=14505"},{"taxonomy":"product_cat","embeddable":true,"href":"https:\/\/fullatacados.com.br\/index.php\/wp-json\/wp\/v2\/product_cat?post=14505"},{"taxonomy":"product_tag","embeddable":true,"href":"https:\/\/fullatacados.com.br\/index.php\/wp-json\/wp\/v2\/product_tag?post=14505"}],"curies":[{"name":"wp","href":"https:\/\/api.w.org\/{rel}","templated":true}]}}