{"id":14504,"date":"2025-07-28T17:05:11","date_gmt":"2025-07-28T20:05:11","guid":{"rendered":"https:\/\/fullatacados.com.br\/index.php\/produto\/bloco-optico-pop110i-16-18\/"},"modified":"2026-04-16T09:15:06","modified_gmt":"2026-04-16T12:15:06","slug":"bloco-optico-pop110i-16-18","status":"publish","type":"product","link":"https:\/\/fullatacados.com.br\/index.php\/produto\/bloco-optico-pop110i-16-18\/","title":{"rendered":"BLOCO OPTICO POP110I 16\/18"},"content":{"rendered":"","protected":false},"excerpt":{"rendered":"<div class=\"relative flex basis-auto flex-col -mb-(--composer-overlap-px) [--composer-overlap-px:55px] grow overflow-hidden\">\n<div class=\"relative h-full\">\n<div class=\"flex h-full flex-col overflow-y-auto [scrollbar-gutter:stable_both-edges] @[84rem]\/thread:pt-(--header-height)\">\n<div class=\"@thread-xl\/thread:pt-header-height flex flex-col text-sm pb-25\">\n<article class=\"text-token-text-primary w-full focus:outline-none scroll-mt-[calc(var(--header-height)+min(200px,max(70px,20svh)))]\" dir=\"auto\" tabindex=\"-1\" data-turn-id=\"request-WEB:6dec6d82-5d51-4108-ba14-68965c99572d-3\" data-testid=\"conversation-turn-8\" data-scroll-anchor=\"true\" data-turn=\"assistant\">\n<div class=\"text-base my-auto mx-auto pb-10 [--thread-content-margin:--spacing(4)] @[37rem]:[--thread-content-margin:--spacing(6)] @[72rem]:[--thread-content-margin:--spacing(16)] px-(--thread-content-margin)\">\n<div class=\"[--thread-content-max-width:32rem] @[34rem]:[--thread-content-max-width:40rem] @[64rem]:[--thread-content-max-width:48rem] mx-auto max-w-(--thread-content-max-width) flex-1 group\/turn-messages focus-visible:outline-hidden relative flex w-full min-w-0 flex-col agent-turn\" tabindex=\"-1\">\n<div class=\"flex max-w-full flex-col grow\">\n<div class=\"min-h-8 text-message relative flex w-full flex-col items-end gap-2 text-start break-words whitespace-normal [.text-message+&amp;]:mt-5\" dir=\"auto\" data-message-author-role=\"assistant\" data-message-id=\"370e78b3-63b1-4e40-937a-776e081c52ba\" data-message-model-slug=\"gpt-4o\">\n<div class=\"flex w-full flex-col gap-1 empty:hidden first:pt-[3px]\">\n<div class=\"markdown prose dark:prose-invert w-full break-words dark\">\n<p data-start=\"1112\" data-end=\"1245\"><strong data-start=\"1113\" data-end=\"1188\">\u00a0bloco \u00f3tico (farol dianteiro) compat\u00edvel com Honda\u202fPop 110 \/ 110i<\/strong>, ideal para reposi\u00e7\u00e3o original ou upgrade na ilumina\u00e7\u00e3o.<\/p>\n<p data-start=\"1247\" data-end=\"1495\">Produto de qualidade superior, com lente cristal em acr\u00edlico resistente e encaixe compat\u00edvel com os modelos Pop 110i de 2015 at\u00e9 2023. N\u00e3o acompanha l\u00e2mpada (compat\u00edvel com l\u00e2mpada hal\u00f3gena padr\u00e3o). F\u00e1cil instala\u00e7\u00e3o \u2014 plug and play, sem adapta\u00e7\u00f5es.<\/p>\n<p data-start=\"1497\" data-end=\"1516\"><strong data-start=\"1497\" data-end=\"1514\">Diferenciais:<\/strong><\/p>\n<ul data-start=\"1517\" data-end=\"1891\">\n<li data-start=\"1517\" data-end=\"1587\">\n<p data-start=\"1519\" data-end=\"1587\">Material dur\u00e1vel e veda\u00e7\u00e3o confi\u00e1vel, resist\u00eancia \u00e0 \u00e1gua e impacto<\/p>\n<\/li>\n<li data-start=\"1588\" data-end=\"1650\">\n<p data-start=\"1590\" data-end=\"1650\">Acabamento cristal elegante, que valoriza o visual da moto<\/p>\n<\/li>\n<li data-start=\"1651\" data-end=\"1753\">\n<p data-start=\"1653\" data-end=\"1753\">Compatibilidade com padr\u00f5es originais Honda ou marcas nacionais reconhecidas (Plasmoto, Foco Moto)<\/p>\n<\/li>\n<li data-start=\"1754\" data-end=\"1806\">\n<p data-start=\"1756\" data-end=\"1806\">Garantia de 90 dias contra defeito de fabrica\u00e7\u00e3o<\/p>\n<\/li>\n<li data-start=\"1807\" data-end=\"1891\">\n<p data-start=\"1809\" data-end=\"1891\">Produto novo, acompanha nota fiscal ou garantia legal (segundo loja ou fabricante)<\/p>\n<\/li>\n<\/ul>\n<p data-start=\"1893\" data-end=\"2100\"><strong data-start=\"1893\" data-end=\"1908\">Ideal para:<\/strong> reparos r\u00e1pidos, restaura\u00e7\u00e3o est\u00e9tica, ou motoqueiros que buscam manter a originalidade da Pop. Produto compat\u00edvel tamb\u00e9m com Pop 100 (2007 a 2014) por vers\u00f5es equivalentes da marca Plasmoto.<\/p>\n<p data-start=\"2102\" data-end=\"2293\"><strong data-start=\"2102\" data-end=\"2116\">Pagamento:<\/strong> aceito Pix, boleto, cart\u00e3o parcelado via Mercado Pago<br data-start=\"2170\" data-end=\"2173\" \/><strong data-start=\"2173\" data-end=\"2185\">Entrega:<\/strong> para todo o Brasil com frete rastreado ou retirada<\/p>\n<\/div>\n<\/div>\n<\/div>\n<\/div>\n<div class=\"mx-[var(--mini-thread-content-inset)]\">\n<div class=\"flex min-h-[46px] justify-start\">\n<div class=\"touch:-me-2 touch:-ms-3.5 -ms-2.5 -me-1 flex flex-wrap items-center gap-y-4 p-1 select-none touch:w-[calc(100%+--spacing(3.5))] -mt-1 w-[calc(100%+--spacing(2.5))] duration-[1.5s] focus-within:transition-none hover:transition-none pointer-events-none [mask-image:linear-gradient(to_right,black_33%,transparent_66%)] [mask-size:300%_100%] [mask-position:100%_0%] motion-safe:transition-[mask-position] group-hover\/turn-messages:pointer-events-auto group-hover\/turn-messages:[mask-position:0_0] group-focus-within\/turn-messages:pointer-events-auto group-focus-within\/turn-messages:[mask-position:0_0] has-data-[state=open]:pointer-events-auto has-data-[state=open]:[mask-position:0_0]\"><button class=\"text-token-text-secondary hover:bg-token-bg-secondary rounded-lg\" aria-label=\"Copiar\" aria-selected=\"false\" data-testid=\"copy-turn-action-button\" data-state=\"closed\"><\/button><button class=\"text-token-text-secondary hover:bg-token-bg-secondary rounded-lg\" aria-label=\"Boa resposta\" aria-selected=\"false\" data-testid=\"good-response-turn-action-button\" data-state=\"closed\"><\/button><button class=\"text-token-text-secondary hover:bg-token-bg-secondary rounded-lg\" aria-label=\"M\u00e1 resposta\" aria-selected=\"false\" data-testid=\"bad-response-turn-action-button\" data-state=\"closed\"><br \/>\n<\/button><\/div>\n<\/div>\n<\/div>\n<\/div>\n<\/div>\n<\/article>\n<\/div>\n<\/div>\n<\/div>\n<\/div>\n","protected":false},"featured_media":14520,"comment_status":"open","ping_status":"closed","template":"","meta":{"_joinchat":[]},"product_brand":[199],"product_cat":[482,15],"product_tag":[],"class_list":{"0":"post-14504","1":"product","2":"type-product","3":"status-publish","4":"has-post-thumbnail","6":"product_brand-importado","7":"product_cat-moto-pecas","8":"product_cat-sem-categoria","9":"product_shipping_class-envionormal","11":"first","12":"instock","13":"shipping-taxable","14":"purchasable","15":"product-type-simple"},"_links":{"self":[{"href":"https:\/\/fullatacados.com.br\/index.php\/wp-json\/wp\/v2\/product\/14504","targetHints":{"allow":["GET"]}}],"collection":[{"href":"https:\/\/fullatacados.com.br\/index.php\/wp-json\/wp\/v2\/product"}],"about":[{"href":"https:\/\/fullatacados.com.br\/index.php\/wp-json\/wp\/v2\/types\/product"}],"replies":[{"embeddable":true,"href":"https:\/\/fullatacados.com.br\/index.php\/wp-json\/wp\/v2\/comments?post=14504"}],"wp:featuredmedia":[{"embeddable":true,"href":"https:\/\/fullatacados.com.br\/index.php\/wp-json\/wp\/v2\/media\/14520"}],"wp:attachment":[{"href":"https:\/\/fullatacados.com.br\/index.php\/wp-json\/wp\/v2\/media?parent=14504"}],"wp:term":[{"taxonomy":"product_brand","embeddable":true,"href":"https:\/\/fullatacados.com.br\/index.php\/wp-json\/wp\/v2\/product_brand?post=14504"},{"taxonomy":"product_cat","embeddable":true,"href":"https:\/\/fullatacados.com.br\/index.php\/wp-json\/wp\/v2\/product_cat?post=14504"},{"taxonomy":"product_tag","embeddable":true,"href":"https:\/\/fullatacados.com.br\/index.php\/wp-json\/wp\/v2\/product_tag?post=14504"}],"curies":[{"name":"wp","href":"https:\/\/api.w.org\/{rel}","templated":true}]}}