{"id":14487,"date":"2025-07-28T17:00:11","date_gmt":"2025-07-28T20:00:11","guid":{"rendered":"https:\/\/fullatacados.com.br\/index.php\/produto\/bloco-optico-fact125i-150-16-24\/"},"modified":"2026-04-03T09:25:07","modified_gmt":"2026-04-03T12:25:07","slug":"bloco-optico-fact125i-150-16-24","status":"publish","type":"product","link":"https:\/\/fullatacados.com.br\/index.php\/produto\/bloco-optico-fact125i-150-16-24\/","title":{"rendered":"BLOCO OPTICO FACT125I\/150 16\/24"},"content":{"rendered":"","protected":false},"excerpt":{"rendered":"<div>loco \u00d3ptico Honda Factor 125\/150 \u2013 2016 a 2024<\/div>\n<div>\u2022Aplica\u00e7\u00e3o: Honda Factor 125 e 150 \u2013 modelos de 2016 a 2024<\/div>\n<div>\u2022Material: Lente em acr\u00edlico transparente + carca\u00e7a em pl\u00e1stico resistente<\/div>\n<div>\u2022Ilumina\u00e7\u00e3o: Compat\u00edvel com l\u00e2mpada H4 12V 35\/35W (n\u00e3o acompanha)<\/div>\n<div>\u2022Design: Compacto e moderno, encaixe original sem adapta\u00e7\u00f5es<\/div>\n<div>\u2022Instala\u00e7\u00e3o: Substitui\u00e7\u00e3o direta e f\u00e1cil<\/div>\n<div>\u2022Fun\u00e7\u00e3o: Oferece boa ilumina\u00e7\u00e3o e mant\u00e9m o visual original da moto<\/div>\n","protected":false},"featured_media":14539,"comment_status":"open","ping_status":"closed","template":"","meta":{"_joinchat":[]},"product_brand":[199],"product_cat":[482,15],"product_tag":[],"class_list":{"0":"post-14487","1":"product","2":"type-product","3":"status-publish","4":"has-post-thumbnail","6":"product_brand-importado","7":"product_cat-moto-pecas","8":"product_cat-sem-categoria","9":"product_shipping_class-envionormal","11":"first","12":"instock","13":"shipping-taxable","14":"purchasable","15":"product-type-simple"},"_links":{"self":[{"href":"https:\/\/fullatacados.com.br\/index.php\/wp-json\/wp\/v2\/product\/14487","targetHints":{"allow":["GET"]}}],"collection":[{"href":"https:\/\/fullatacados.com.br\/index.php\/wp-json\/wp\/v2\/product"}],"about":[{"href":"https:\/\/fullatacados.com.br\/index.php\/wp-json\/wp\/v2\/types\/product"}],"replies":[{"embeddable":true,"href":"https:\/\/fullatacados.com.br\/index.php\/wp-json\/wp\/v2\/comments?post=14487"}],"wp:featuredmedia":[{"embeddable":true,"href":"https:\/\/fullatacados.com.br\/index.php\/wp-json\/wp\/v2\/media\/14539"}],"wp:attachment":[{"href":"https:\/\/fullatacados.com.br\/index.php\/wp-json\/wp\/v2\/media?parent=14487"}],"wp:term":[{"taxonomy":"product_brand","embeddable":true,"href":"https:\/\/fullatacados.com.br\/index.php\/wp-json\/wp\/v2\/product_brand?post=14487"},{"taxonomy":"product_cat","embeddable":true,"href":"https:\/\/fullatacados.com.br\/index.php\/wp-json\/wp\/v2\/product_cat?post=14487"},{"taxonomy":"product_tag","embeddable":true,"href":"https:\/\/fullatacados.com.br\/index.php\/wp-json\/wp\/v2\/product_tag?post=14487"}],"curies":[{"name":"wp","href":"https:\/\/api.w.org\/{rel}","templated":true}]}}