{"id":14486,"date":"2025-07-28T17:00:11","date_gmt":"2025-07-28T20:00:11","guid":{"rendered":"https:\/\/fullatacados.com.br\/index.php\/produto\/bloco-optico-biz125-110-18-24\/"},"modified":"2026-02-11T16:55:07","modified_gmt":"2026-02-11T19:55:07","slug":"bloco-optico-biz125-110-18-24","status":"publish","type":"product","link":"https:\/\/fullatacados.com.br\/index.php\/produto\/bloco-optico-biz125-110-18-24\/","title":{"rendered":"BLOCO OPTICO BIZ125\/110 18\/24"},"content":{"rendered":"","protected":false},"excerpt":{"rendered":"<p>Bloco \u00d3ptico Biz 110i \/ 125 (2018 a 2024)<br \/>\nCompat\u00edvel com modelos Biz 110 e 125 de 2018 a 2024.<br \/>\nPossui lente em acr\u00edlico e carca\u00e7a em pl\u00e1stico resistente.<br \/>\nInstala\u00e7\u00e3o simples, com encaixe original, sem adapta\u00e7\u00f5es.<br \/>\nDesign moderno com farol integrado ao guid\u00e3o.<br \/>\nCompat\u00edvel com l\u00e2mpada HS1 ou LED (n\u00e3o inclusa).<\/p>\n","protected":false},"featured_media":14531,"comment_status":"open","ping_status":"closed","template":"","meta":{"_joinchat":[]},"product_brand":[199],"product_cat":[482,15],"product_tag":[],"class_list":{"0":"post-14486","1":"product","2":"type-product","3":"status-publish","4":"has-post-thumbnail","6":"product_brand-importado","7":"product_cat-moto-pecas","8":"product_cat-sem-categoria","9":"product_shipping_class-envionormal","11":"first","12":"instock","13":"shipping-taxable","14":"purchasable","15":"product-type-simple"},"_links":{"self":[{"href":"https:\/\/fullatacados.com.br\/index.php\/wp-json\/wp\/v2\/product\/14486","targetHints":{"allow":["GET"]}}],"collection":[{"href":"https:\/\/fullatacados.com.br\/index.php\/wp-json\/wp\/v2\/product"}],"about":[{"href":"https:\/\/fullatacados.com.br\/index.php\/wp-json\/wp\/v2\/types\/product"}],"replies":[{"embeddable":true,"href":"https:\/\/fullatacados.com.br\/index.php\/wp-json\/wp\/v2\/comments?post=14486"}],"wp:featuredmedia":[{"embeddable":true,"href":"https:\/\/fullatacados.com.br\/index.php\/wp-json\/wp\/v2\/media\/14531"}],"wp:attachment":[{"href":"https:\/\/fullatacados.com.br\/index.php\/wp-json\/wp\/v2\/media?parent=14486"}],"wp:term":[{"taxonomy":"product_brand","embeddable":true,"href":"https:\/\/fullatacados.com.br\/index.php\/wp-json\/wp\/v2\/product_brand?post=14486"},{"taxonomy":"product_cat","embeddable":true,"href":"https:\/\/fullatacados.com.br\/index.php\/wp-json\/wp\/v2\/product_cat?post=14486"},{"taxonomy":"product_tag","embeddable":true,"href":"https:\/\/fullatacados.com.br\/index.php\/wp-json\/wp\/v2\/product_tag?post=14486"}],"curies":[{"name":"wp","href":"https:\/\/api.w.org\/{rel}","templated":true}]}}