{"id":14482,"date":"2025-07-28T17:00:10","date_gmt":"2025-07-28T20:00:10","guid":{"rendered":"https:\/\/fullatacados.com.br\/index.php\/produto\/bloco-optico-bros125-150-09-12-pop\/"},"modified":"2026-03-24T11:45:08","modified_gmt":"2026-03-24T14:45:08","slug":"bloco-optico-bros125-150-09-12-pop","status":"publish","type":"product","link":"https:\/\/fullatacados.com.br\/index.php\/produto\/bloco-optico-bros125-150-09-12-pop\/","title":{"rendered":"BLOCO OPTICO BROS125\/150 09\/12\/POP"},"content":{"rendered":"<p>Bloco \u00f3ptico Bros 125\/150 (09\/12) \/ Pop<br \/>\nLente acr\u00edlica, carca\u00e7a resistente, encaixe original. Proporciona boa ilumina\u00e7\u00e3o e f\u00e1cil instala\u00e7\u00e3o. Compat\u00edvel com modelos Bros 125\/150 de 2009 a 2012 e Pop.<\/p>\n","protected":false},"excerpt":{"rendered":"<p>Bloco \u00f3ptico Bros 125\/150 (09\/12) \/ Pop Lente acr\u00edlica, carca\u00e7a resistente, encaixe original. Proporciona boa ilumina\u00e7\u00e3o e f\u00e1cil instala\u00e7\u00e3o. Compat\u00edvel com modelos Bros 125\/150 de 2009 a 2012 e Pop.<\/p>\n","protected":false},"featured_media":14546,"comment_status":"open","ping_status":"closed","template":"","meta":{"_joinchat":[]},"product_brand":[199],"product_cat":[482,15],"product_tag":[],"class_list":{"0":"post-14482","1":"product","2":"type-product","3":"status-publish","4":"has-post-thumbnail","6":"product_brand-importado","7":"product_cat-moto-pecas","8":"product_cat-sem-categoria","9":"product_shipping_class-envionormal","11":"first","12":"instock","13":"shipping-taxable","14":"purchasable","15":"product-type-simple"},"_links":{"self":[{"href":"https:\/\/fullatacados.com.br\/index.php\/wp-json\/wp\/v2\/product\/14482","targetHints":{"allow":["GET"]}}],"collection":[{"href":"https:\/\/fullatacados.com.br\/index.php\/wp-json\/wp\/v2\/product"}],"about":[{"href":"https:\/\/fullatacados.com.br\/index.php\/wp-json\/wp\/v2\/types\/product"}],"replies":[{"embeddable":true,"href":"https:\/\/fullatacados.com.br\/index.php\/wp-json\/wp\/v2\/comments?post=14482"}],"wp:featuredmedia":[{"embeddable":true,"href":"https:\/\/fullatacados.com.br\/index.php\/wp-json\/wp\/v2\/media\/14546"}],"wp:attachment":[{"href":"https:\/\/fullatacados.com.br\/index.php\/wp-json\/wp\/v2\/media?parent=14482"}],"wp:term":[{"taxonomy":"product_brand","embeddable":true,"href":"https:\/\/fullatacados.com.br\/index.php\/wp-json\/wp\/v2\/product_brand?post=14482"},{"taxonomy":"product_cat","embeddable":true,"href":"https:\/\/fullatacados.com.br\/index.php\/wp-json\/wp\/v2\/product_cat?post=14482"},{"taxonomy":"product_tag","embeddable":true,"href":"https:\/\/fullatacados.com.br\/index.php\/wp-json\/wp\/v2\/product_tag?post=14482"}],"curies":[{"name":"wp","href":"https:\/\/api.w.org\/{rel}","templated":true}]}}