{"id":14480,"date":"2025-07-28T17:00:10","date_gmt":"2025-07-28T20:00:10","guid":{"rendered":"https:\/\/fullatacados.com.br\/index.php\/produto\/bloco-optico-biz100-98-05\/"},"modified":"2026-04-01T12:05:08","modified_gmt":"2026-04-01T15:05:08","slug":"bloco-optico-biz100-98-05","status":"publish","type":"product","link":"https:\/\/fullatacados.com.br\/index.php\/produto\/bloco-optico-biz100-98-05\/","title":{"rendered":"BLOCO OPTICO BIZ100 98\/05"},"content":{"rendered":"<p>Bloco \u00d3ptico Honda Biz 100 (1998 a 2005)<br \/>\nLente em acr\u00edlico transparente com carca\u00e7a pl\u00e1stica resistente. Encaixe original, f\u00e1cil instala\u00e7\u00e3o. Compat\u00edvel com l\u00e2mpada 12V (n\u00e3o inclusa). Garante boa ilumina\u00e7\u00e3o e mant\u00e9m o visual original da moto.<\/p>\n","protected":false},"excerpt":{"rendered":"<p>Bloco \u00d3ptico Honda Biz 100 (1998 a 2005) Lente em acr\u00edlico transparente com carca\u00e7a pl\u00e1stica resistente. Encaixe original, f\u00e1cil instala\u00e7\u00e3o. Compat\u00edvel com l\u00e2mpada 12V (n\u00e3o inclusa). Garante boa ilumina\u00e7\u00e3o e mant\u00e9m o visual original da moto.<\/p>\n","protected":false},"featured_media":14544,"comment_status":"open","ping_status":"closed","template":"","meta":{"_joinchat":[]},"product_brand":[199],"product_cat":[482,15],"product_tag":[],"class_list":{"0":"post-14480","1":"product","2":"type-product","3":"status-publish","4":"has-post-thumbnail","6":"product_brand-importado","7":"product_cat-moto-pecas","8":"product_cat-sem-categoria","9":"product_shipping_class-envionormal","11":"first","12":"instock","13":"shipping-taxable","14":"purchasable","15":"product-type-simple"},"_links":{"self":[{"href":"https:\/\/fullatacados.com.br\/index.php\/wp-json\/wp\/v2\/product\/14480","targetHints":{"allow":["GET"]}}],"collection":[{"href":"https:\/\/fullatacados.com.br\/index.php\/wp-json\/wp\/v2\/product"}],"about":[{"href":"https:\/\/fullatacados.com.br\/index.php\/wp-json\/wp\/v2\/types\/product"}],"replies":[{"embeddable":true,"href":"https:\/\/fullatacados.com.br\/index.php\/wp-json\/wp\/v2\/comments?post=14480"}],"wp:featuredmedia":[{"embeddable":true,"href":"https:\/\/fullatacados.com.br\/index.php\/wp-json\/wp\/v2\/media\/14544"}],"wp:attachment":[{"href":"https:\/\/fullatacados.com.br\/index.php\/wp-json\/wp\/v2\/media?parent=14480"}],"wp:term":[{"taxonomy":"product_brand","embeddable":true,"href":"https:\/\/fullatacados.com.br\/index.php\/wp-json\/wp\/v2\/product_brand?post=14480"},{"taxonomy":"product_cat","embeddable":true,"href":"https:\/\/fullatacados.com.br\/index.php\/wp-json\/wp\/v2\/product_cat?post=14480"},{"taxonomy":"product_tag","embeddable":true,"href":"https:\/\/fullatacados.com.br\/index.php\/wp-json\/wp\/v2\/product_tag?post=14480"}],"curies":[{"name":"wp","href":"https:\/\/api.w.org\/{rel}","templated":true}]}}