{"id":14479,"date":"2025-07-28T17:00:10","date_gmt":"2025-07-28T20:00:10","guid":{"rendered":"https:\/\/fullatacados.com.br\/index.php\/produto\/biela-pcx150-13-23\/"},"modified":"2026-04-10T11:55:07","modified_gmt":"2026-04-10T14:55:07","slug":"biela-pcx150-13-23","status":"publish","type":"product","link":"https:\/\/fullatacados.com.br\/index.php\/produto\/biela-pcx150-13-23\/","title":{"rendered":"BIELA PCX150 13\/23"},"content":{"rendered":"<p>Biela Honda PCX 150 (2013 a 2023)<br \/>\nPe\u00e7a em a\u00e7o forjado de alta resist\u00eancia, respons\u00e1vel por conectar o pist\u00e3o ao virabrequim. Alta durabilidade, com tratamento t\u00e9rmico e precis\u00e3o no encaixe. Compat\u00edvel com todos os modelos de PCX 150 entre 2013 e 2023.<\/p>\n","protected":false},"excerpt":{"rendered":"<p>Biela Honda PCX 150 (2013 a 2023) Pe\u00e7a em a\u00e7o forjado de alta resist\u00eancia, respons\u00e1vel por conectar o pist\u00e3o ao virabrequim. Alta durabilidade, com tratamento t\u00e9rmico e precis\u00e3o no encaixe. Compat\u00edvel com todos os modelos de PCX 150 entre 2013 e 2023.<\/p>\n","protected":false},"featured_media":14545,"comment_status":"open","ping_status":"closed","template":"","meta":{"_joinchat":[]},"product_brand":[207],"product_cat":[482,15],"product_tag":[],"class_list":{"0":"post-14479","1":"product","2":"type-product","3":"status-publish","4":"has-post-thumbnail","6":"product_brand-metal-leve","7":"product_cat-moto-pecas","8":"product_cat-sem-categoria","9":"product_shipping_class-envionormal","11":"first","12":"instock","13":"shipping-taxable","14":"purchasable","15":"product-type-simple"},"_links":{"self":[{"href":"https:\/\/fullatacados.com.br\/index.php\/wp-json\/wp\/v2\/product\/14479","targetHints":{"allow":["GET"]}}],"collection":[{"href":"https:\/\/fullatacados.com.br\/index.php\/wp-json\/wp\/v2\/product"}],"about":[{"href":"https:\/\/fullatacados.com.br\/index.php\/wp-json\/wp\/v2\/types\/product"}],"replies":[{"embeddable":true,"href":"https:\/\/fullatacados.com.br\/index.php\/wp-json\/wp\/v2\/comments?post=14479"}],"wp:featuredmedia":[{"embeddable":true,"href":"https:\/\/fullatacados.com.br\/index.php\/wp-json\/wp\/v2\/media\/14545"}],"wp:attachment":[{"href":"https:\/\/fullatacados.com.br\/index.php\/wp-json\/wp\/v2\/media?parent=14479"}],"wp:term":[{"taxonomy":"product_brand","embeddable":true,"href":"https:\/\/fullatacados.com.br\/index.php\/wp-json\/wp\/v2\/product_brand?post=14479"},{"taxonomy":"product_cat","embeddable":true,"href":"https:\/\/fullatacados.com.br\/index.php\/wp-json\/wp\/v2\/product_cat?post=14479"},{"taxonomy":"product_tag","embeddable":true,"href":"https:\/\/fullatacados.com.br\/index.php\/wp-json\/wp\/v2\/product_tag?post=14479"}],"curies":[{"name":"wp","href":"https:\/\/api.w.org\/{rel}","templated":true}]}}