{"id":14477,"date":"2025-07-28T17:00:10","date_gmt":"2025-07-28T20:00:10","guid":{"rendered":"https:\/\/fullatacados.com.br\/index.php\/produto\/biela-neo115\/"},"modified":"2026-04-24T18:15:07","modified_gmt":"2026-04-24T21:15:07","slug":"biela-neo115","status":"publish","type":"product","link":"https:\/\/fullatacados.com.br\/index.php\/produto\/biela-neo115\/","title":{"rendered":"BIELA NEO115"},"content":{"rendered":"<p>Biela Yamaha Neo 115<br \/>\nFabricada em a\u00e7o forjado de alta resist\u00eancia, conecta o pist\u00e3o ao virabrequim com precis\u00e3o. Dur\u00e1vel, com tratamento t\u00e9rmico, garante o bom desempenho do motor. Compat\u00edvel com modelos Yamaha Neo 115.<\/p>\n","protected":false},"excerpt":{"rendered":"<p>Biela Yamaha Neo 115 Fabricada em a\u00e7o forjado de alta resist\u00eancia, conecta o pist\u00e3o ao virabrequim com precis\u00e3o. Dur\u00e1vel, com tratamento t\u00e9rmico, garante o bom desempenho do motor. Compat\u00edvel com modelos Yamaha Neo 115.<\/p>\n","protected":false},"featured_media":14549,"comment_status":"open","ping_status":"closed","template":"","meta":{"_joinchat":[]},"product_brand":[207],"product_cat":[482,15],"product_tag":[],"class_list":{"0":"post-14477","1":"product","2":"type-product","3":"status-publish","4":"has-post-thumbnail","6":"product_brand-metal-leve","7":"product_cat-moto-pecas","8":"product_cat-sem-categoria","9":"product_shipping_class-envionormal","11":"first","12":"instock","13":"shipping-taxable","14":"purchasable","15":"product-type-simple"},"_links":{"self":[{"href":"https:\/\/fullatacados.com.br\/index.php\/wp-json\/wp\/v2\/product\/14477","targetHints":{"allow":["GET"]}}],"collection":[{"href":"https:\/\/fullatacados.com.br\/index.php\/wp-json\/wp\/v2\/product"}],"about":[{"href":"https:\/\/fullatacados.com.br\/index.php\/wp-json\/wp\/v2\/types\/product"}],"replies":[{"embeddable":true,"href":"https:\/\/fullatacados.com.br\/index.php\/wp-json\/wp\/v2\/comments?post=14477"}],"wp:featuredmedia":[{"embeddable":true,"href":"https:\/\/fullatacados.com.br\/index.php\/wp-json\/wp\/v2\/media\/14549"}],"wp:attachment":[{"href":"https:\/\/fullatacados.com.br\/index.php\/wp-json\/wp\/v2\/media?parent=14477"}],"wp:term":[{"taxonomy":"product_brand","embeddable":true,"href":"https:\/\/fullatacados.com.br\/index.php\/wp-json\/wp\/v2\/product_brand?post=14477"},{"taxonomy":"product_cat","embeddable":true,"href":"https:\/\/fullatacados.com.br\/index.php\/wp-json\/wp\/v2\/product_cat?post=14477"},{"taxonomy":"product_tag","embeddable":true,"href":"https:\/\/fullatacados.com.br\/index.php\/wp-json\/wp\/v2\/product_tag?post=14477"}],"curies":[{"name":"wp","href":"https:\/\/api.w.org\/{rel}","templated":true}]}}