{"id":14476,"date":"2025-07-28T17:00:10","date_gmt":"2025-07-28T20:00:10","guid":{"rendered":"https:\/\/fullatacados.com.br\/index.php\/produto\/biela-crf230\/"},"modified":"2025-07-29T10:20:42","modified_gmt":"2025-07-29T13:20:42","slug":"biela-crf230","status":"publish","type":"product","link":"https:\/\/fullatacados.com.br\/index.php\/produto\/biela-crf230\/","title":{"rendered":"BIELA CRF230"},"content":{"rendered":"","protected":false},"excerpt":{"rendered":"<p>Biela Honda CRF230<br \/>\nPe\u00e7a em a\u00e7o forjado de alta resist\u00eancia, conecta o pist\u00e3o ao virabrequim, garantindo transmiss\u00e3o de for\u00e7a no motor. Tratada para maior durabilidade e resist\u00eancia ao desgaste. Compat\u00edvel com Honda CRF230<\/p>\n","protected":false},"featured_media":14540,"comment_status":"open","ping_status":"closed","template":"","meta":{"_joinchat":[]},"product_brand":[],"product_cat":[15],"product_tag":[],"class_list":{"0":"post-14476","1":"product","2":"type-product","3":"status-publish","4":"has-post-thumbnail","6":"product_cat-sem-categoria","7":"product_shipping_class-envionormal","9":"first","10":"instock","11":"shipping-taxable","12":"purchasable","13":"product-type-simple"},"_links":{"self":[{"href":"https:\/\/fullatacados.com.br\/index.php\/wp-json\/wp\/v2\/product\/14476","targetHints":{"allow":["GET"]}}],"collection":[{"href":"https:\/\/fullatacados.com.br\/index.php\/wp-json\/wp\/v2\/product"}],"about":[{"href":"https:\/\/fullatacados.com.br\/index.php\/wp-json\/wp\/v2\/types\/product"}],"replies":[{"embeddable":true,"href":"https:\/\/fullatacados.com.br\/index.php\/wp-json\/wp\/v2\/comments?post=14476"}],"wp:featuredmedia":[{"embeddable":true,"href":"https:\/\/fullatacados.com.br\/index.php\/wp-json\/wp\/v2\/media\/14540"}],"wp:attachment":[{"href":"https:\/\/fullatacados.com.br\/index.php\/wp-json\/wp\/v2\/media?parent=14476"}],"wp:term":[{"taxonomy":"product_brand","embeddable":true,"href":"https:\/\/fullatacados.com.br\/index.php\/wp-json\/wp\/v2\/product_brand?post=14476"},{"taxonomy":"product_cat","embeddable":true,"href":"https:\/\/fullatacados.com.br\/index.php\/wp-json\/wp\/v2\/product_cat?post=14476"},{"taxonomy":"product_tag","embeddable":true,"href":"https:\/\/fullatacados.com.br\/index.php\/wp-json\/wp\/v2\/product_tag?post=14476"}],"curies":[{"name":"wp","href":"https:\/\/api.w.org\/{rel}","templated":true}]}}